{"id":40307,"date":"2026-01-12T15:04:33","date_gmt":"2026-01-12T14:04:33","guid":{"rendered":"https:\/\/fenicetek.com\/?post_type=product&#038;p=40307"},"modified":"2026-04-14T18:40:38","modified_gmt":"2026-04-14T16:40:38","slug":"seta-lembrancas-copy-copy-copy-2","status":"publish","type":"product","link":"https:\/\/fenicetek.com\/pt-br\/keepsakes\/natura\/","title":{"rendered":"NATURA KEEPSAKES"},"content":{"rendered":"<p><span class=\"OYPEnA font-feature-liga-off font-feature-clig-off font-feature-calt-off text-decoration-none text-strikethrough-none\">Acabamento: <strong>Cer\u00e2mica Tradicional<\/strong> &#8211; <strong>Ecogrestek<\/strong><\/span><\/p>\n<p><span class=\"OYPEnA font-feature-liga-off font-feature-clig-off font-feature-calt-off text-decoration-none text-strikethrough-none\">Material: <strong>Cer\u00e2mica<\/strong><\/span><\/p>\n<p><span class=\"OYPEnA font-feature-liga-off font-feature-clig-off font-feature-calt-off text-decoration-none text-strikethrough-none\">Dimens\u00e3o (cm): <strong>7 x 7 x 9 h<\/strong><\/span><\/p>\n<p><span class=\"OYPEnA font-feature-liga-off font-feature-clig-off font-feature-calt-off text-decoration-none text-strikethrough-none\">Dimens\u00e3o (in): <strong>2,7 x 2,7 x 3,5 in<\/strong><\/span><\/p>\n<p><span class=\"OYPEnA font-feature-liga-off font-feature-clig-off font-feature-calt-off text-decoration-none text-strikethrough-none\">Volume: <strong>180 ml<\/strong><\/span><strong> <span class=\"OYPEnA font-feature-liga-off font-feature-clig-off font-feature-calt-off text-decoration-none text-strikethrough-none\">|<\/span> <span class=\"OYPEnA font-feature-liga-off font-feature-clig-off font-feature-calt-off text-decoration-none text-strikethrough-none\">11 cu in<\/span><\/strong><\/p>\n","protected":false},"excerpt":{"rendered":"<p><span class=\"OYPEnA font-feature-liga-off font-feature-clig-off font-feature-calt-off text-decoration-none text-strikethrough-none\" style=\"color: #000000;\">Acabamento: <strong>Esmalte + Verniz Platinado<\/strong><\/span><\/p>\n<p><span class=\"OYPEnA font-feature-liga-off font-feature-clig-off font-feature-calt-off text-decoration-none text-strikethrough-none\" style=\"color: #000000;\">Material: <strong>Cer\u00e2mica<\/strong><\/span><\/p>\n<p><span class=\"OYPEnA font-feature-liga-off font-feature-clig-off font-feature-calt-off text-decoration-none text-strikethrough-none\" style=\"color: #000000;\">Dimens\u00e3o (cm): <strong>7 x 7 x 9 h<\/strong><\/span><\/p>\n<p><span class=\"OYPEnA font-feature-liga-off font-feature-clig-off font-feature-calt-off text-decoration-none text-strikethrough-none\" style=\"color: #000000;\">Dimens\u00e3o (in): <strong>2,7 x 2,7 x 3,5 in<\/strong><\/span><\/p>\n<p><span style=\"color: #000000;\"><span class=\"OYPEnA font-feature-liga-off font-feature-clig-off font-feature-calt-off text-decoration-none text-strikethrough-none\">Volume: <strong>180 ml<\/strong><\/span><strong> &#8211; <span class=\"OYPEnA font-feature-liga-off font-feature-clig-off font-feature-calt-off text-decoration-none text-strikethrough-none\">11 cu in<\/span><\/strong><\/span><\/p>\n<p><span style=\"color: #cf1d1d;\"><strong>**Este produto \u00e9 vendido exclusivamente em caixas de 12 unidades. <\/strong><\/span><span style=\"color: #cf1d1d;\"><strong>Selecione uma quantidade m\u00ednima de 12 ou m\u00faltiplos de 12.<\/strong><\/span><\/p>\n","protected":false},"featured_media":41566,"comment_status":"closed","ping_status":"closed","template":"","meta":[],"product_cat":[246],"product_tag":[],"class_list":{"0":"post-40307","1":"product","2":"type-product","3":"status-publish","4":"has-post-thumbnail","6":"product_cat-keepsakes","8":"first","9":"onbackorder","10":"taxable","11":"shipping-taxable","12":"product-type-variable"},"yoast_head":"<!-- This site is optimized with the Yoast SEO plugin v27.2 - https:\/\/yoast.com\/product\/yoast-seo-wordpress\/ -->\n<title>NATURA KEEPSAKES - Fenicetek<\/title>\n<meta name=\"robots\" content=\"index, follow, max-snippet:-1, max-image-preview:large, max-video-preview:-1\" \/>\n<link rel=\"canonical\" href=\"https:\/\/fenicetek.com\/pt-br\/keepsakes\/natura\/\" \/>\n<meta property=\"og:locale\" content=\"pt_BR\" \/>\n<meta property=\"og:type\" content=\"article\" \/>\n<meta property=\"og:title\" content=\"NATURA KEEPSAKES - Fenicetek\" \/>\n<meta property=\"og:description\" content=\"Acabamento: Esmalte + Verniz Platinado Material: Cer\u00e2mica Dimens\u00e3o (cm): 7 x 7 x 9 h Dimens\u00e3o (in): 2,7 x 2,7 x 3,5 in Volume: 180 ml - 11 cu in **Este produto \u00e9 vendido exclusivamente em caixas de 12 unidades. Selecione uma quantidade m\u00ednima de 12 ou m\u00faltiplos de 12.\" \/>\n<meta property=\"og:url\" content=\"https:\/\/fenicetek.com\/pt-br\/keepsakes\/natura\/\" \/>\n<meta property=\"og:site_name\" content=\"Fenicetek\" \/>\n<meta property=\"article:modified_time\" content=\"2026-04-14T16:40:38+00:00\" \/>\n<meta property=\"og:image\" content=\"https:\/\/fenicetek.com\/wp-content\/uploads\/2026\/01\/NATURA-KEEPSAKE-BIANCA-FRONT-3.jpg\" \/>\n\t<meta property=\"og:image:width\" content=\"1250\" \/>\n\t<meta property=\"og:image:height\" content=\"1250\" \/>\n\t<meta property=\"og:image:type\" content=\"image\/jpeg\" \/>\n<meta name=\"twitter:card\" content=\"summary_large_image\" \/>\n<script type=\"application\/ld+json\" class=\"yoast-schema-graph\">{\"@context\":\"https:\/\/schema.org\",\"@graph\":[{\"@type\":\"WebPage\",\"@id\":\"https:\/\/fenicetek.com\/pt-br\/keepsakes\/natura\/\",\"url\":\"https:\/\/fenicetek.com\/pt-br\/keepsakes\/natura\/\",\"name\":\"NATURA KEEPSAKES - Fenicetek\",\"isPartOf\":{\"@id\":\"https:\/\/fenicetek.com\/pt-br\/#website\"},\"primaryImageOfPage\":{\"@id\":\"https:\/\/fenicetek.com\/pt-br\/keepsakes\/natura\/#primaryimage\"},\"image\":{\"@id\":\"https:\/\/fenicetek.com\/pt-br\/keepsakes\/natura\/#primaryimage\"},\"thumbnailUrl\":\"https:\/\/fenicetek.com\/wp-content\/uploads\/2026\/01\/NATURA-KEEPSAKE-BIANCA-FRONT-3.jpg\",\"datePublished\":\"2026-01-12T14:04:33+00:00\",\"dateModified\":\"2026-04-14T16:40:38+00:00\",\"breadcrumb\":{\"@id\":\"https:\/\/fenicetek.com\/pt-br\/keepsakes\/natura\/#breadcrumb\"},\"inLanguage\":\"pt-BR\",\"potentialAction\":[{\"@type\":\"ReadAction\",\"target\":[\"https:\/\/fenicetek.com\/pt-br\/keepsakes\/natura\/\"]}]},{\"@type\":\"ImageObject\",\"inLanguage\":\"pt-BR\",\"@id\":\"https:\/\/fenicetek.com\/pt-br\/keepsakes\/natura\/#primaryimage\",\"url\":\"https:\/\/fenicetek.com\/wp-content\/uploads\/2026\/01\/NATURA-KEEPSAKE-BIANCA-FRONT-3.jpg\",\"contentUrl\":\"https:\/\/fenicetek.com\/wp-content\/uploads\/2026\/01\/NATURA-KEEPSAKE-BIANCA-FRONT-3.jpg\",\"width\":1250,\"height\":1250},{\"@type\":\"BreadcrumbList\",\"@id\":\"https:\/\/fenicetek.com\/pt-br\/keepsakes\/natura\/#breadcrumb\",\"itemListElement\":[{\"@type\":\"ListItem\",\"position\":1,\"name\":\"In\u00edcio\",\"item\":\"https:\/\/fenicetek.com\/pt-br\/inicio\/\"},{\"@type\":\"ListItem\",\"position\":2,\"name\":\"Loja\",\"item\":\"https:\/\/fenicetek.com\/pt-br\/loja\/\"},{\"@type\":\"ListItem\",\"position\":3,\"name\":\"NATURA KEEPSAKES\"}]},{\"@type\":\"WebSite\",\"@id\":\"https:\/\/fenicetek.com\/pt-br\/#website\",\"url\":\"https:\/\/fenicetek.com\/pt-br\/\",\"name\":\"Fenicetek\",\"description\":\"Ceramic Funeral Urn Design\",\"publisher\":{\"@id\":\"https:\/\/fenicetek.com\/pt-br\/#organization\"},\"potentialAction\":[{\"@type\":\"SearchAction\",\"target\":{\"@type\":\"EntryPoint\",\"urlTemplate\":\"https:\/\/fenicetek.com\/pt-br\/?s={search_term_string}\"},\"query-input\":{\"@type\":\"PropertyValueSpecification\",\"valueRequired\":true,\"valueName\":\"search_term_string\"}}],\"inLanguage\":\"pt-BR\"},{\"@type\":\"Organization\",\"@id\":\"https:\/\/fenicetek.com\/pt-br\/#organization\",\"name\":\"Fenicetek\",\"url\":\"https:\/\/fenicetek.com\/pt-br\/\",\"logo\":{\"@type\":\"ImageObject\",\"inLanguage\":\"pt-BR\",\"@id\":\"https:\/\/fenicetek.com\/pt-br\/#\/schema\/logo\/image\/\",\"url\":\"https:\/\/fenicetek.com\/wp-content\/uploads\/2025\/09\/logo-chat-ecommerce1.jpg\",\"contentUrl\":\"https:\/\/fenicetek.com\/wp-content\/uploads\/2025\/09\/logo-chat-ecommerce1.jpg\",\"width\":661,\"height\":661,\"caption\":\"Fenicetek\"},\"image\":{\"@id\":\"https:\/\/fenicetek.com\/pt-br\/#\/schema\/logo\/image\/\"}}]}<\/script>\n<!-- \/ Yoast SEO plugin. -->","yoast_head_json":{"title":"NATURA KEEPSAKES - Fenicetek","robots":{"index":"index","follow":"follow","max-snippet":"max-snippet:-1","max-image-preview":"max-image-preview:large","max-video-preview":"max-video-preview:-1"},"canonical":"https:\/\/fenicetek.com\/pt-br\/keepsakes\/natura\/","og_locale":"pt_BR","og_type":"article","og_title":"NATURA KEEPSAKES - Fenicetek","og_description":"Acabamento: Esmalte + Verniz Platinado Material: Cer\u00e2mica Dimens\u00e3o (cm): 7 x 7 x 9 h Dimens\u00e3o (in): 2,7 x 2,7 x 3,5 in Volume: 180 ml - 11 cu in **Este produto \u00e9 vendido exclusivamente em caixas de 12 unidades. Selecione uma quantidade m\u00ednima de 12 ou m\u00faltiplos de 12.","og_url":"https:\/\/fenicetek.com\/pt-br\/keepsakes\/natura\/","og_site_name":"Fenicetek","article_modified_time":"2026-04-14T16:40:38+00:00","og_image":[{"width":1250,"height":1250,"url":"https:\/\/fenicetek.com\/wp-content\/uploads\/2026\/01\/NATURA-KEEPSAKE-BIANCA-FRONT-3.jpg","type":"image\/jpeg"}],"twitter_card":"summary_large_image","schema":{"@context":"https:\/\/schema.org","@graph":[{"@type":"WebPage","@id":"https:\/\/fenicetek.com\/pt-br\/keepsakes\/natura\/","url":"https:\/\/fenicetek.com\/pt-br\/keepsakes\/natura\/","name":"NATURA KEEPSAKES - Fenicetek","isPartOf":{"@id":"https:\/\/fenicetek.com\/pt-br\/#website"},"primaryImageOfPage":{"@id":"https:\/\/fenicetek.com\/pt-br\/keepsakes\/natura\/#primaryimage"},"image":{"@id":"https:\/\/fenicetek.com\/pt-br\/keepsakes\/natura\/#primaryimage"},"thumbnailUrl":"https:\/\/fenicetek.com\/wp-content\/uploads\/2026\/01\/NATURA-KEEPSAKE-BIANCA-FRONT-3.jpg","datePublished":"2026-01-12T14:04:33+00:00","dateModified":"2026-04-14T16:40:38+00:00","breadcrumb":{"@id":"https:\/\/fenicetek.com\/pt-br\/keepsakes\/natura\/#breadcrumb"},"inLanguage":"pt-BR","potentialAction":[{"@type":"ReadAction","target":["https:\/\/fenicetek.com\/pt-br\/keepsakes\/natura\/"]}]},{"@type":"ImageObject","inLanguage":"pt-BR","@id":"https:\/\/fenicetek.com\/pt-br\/keepsakes\/natura\/#primaryimage","url":"https:\/\/fenicetek.com\/wp-content\/uploads\/2026\/01\/NATURA-KEEPSAKE-BIANCA-FRONT-3.jpg","contentUrl":"https:\/\/fenicetek.com\/wp-content\/uploads\/2026\/01\/NATURA-KEEPSAKE-BIANCA-FRONT-3.jpg","width":1250,"height":1250},{"@type":"BreadcrumbList","@id":"https:\/\/fenicetek.com\/pt-br\/keepsakes\/natura\/#breadcrumb","itemListElement":[{"@type":"ListItem","position":1,"name":"In\u00edcio","item":"https:\/\/fenicetek.com\/pt-br\/inicio\/"},{"@type":"ListItem","position":2,"name":"Loja","item":"https:\/\/fenicetek.com\/pt-br\/loja\/"},{"@type":"ListItem","position":3,"name":"NATURA KEEPSAKES"}]},{"@type":"WebSite","@id":"https:\/\/fenicetek.com\/pt-br\/#website","url":"https:\/\/fenicetek.com\/pt-br\/","name":"Fenicetek","description":"Ceramic Funeral Urn Design","publisher":{"@id":"https:\/\/fenicetek.com\/pt-br\/#organization"},"potentialAction":[{"@type":"SearchAction","target":{"@type":"EntryPoint","urlTemplate":"https:\/\/fenicetek.com\/pt-br\/?s={search_term_string}"},"query-input":{"@type":"PropertyValueSpecification","valueRequired":true,"valueName":"search_term_string"}}],"inLanguage":"pt-BR"},{"@type":"Organization","@id":"https:\/\/fenicetek.com\/pt-br\/#organization","name":"Fenicetek","url":"https:\/\/fenicetek.com\/pt-br\/","logo":{"@type":"ImageObject","inLanguage":"pt-BR","@id":"https:\/\/fenicetek.com\/pt-br\/#\/schema\/logo\/image\/","url":"https:\/\/fenicetek.com\/wp-content\/uploads\/2025\/09\/logo-chat-ecommerce1.jpg","contentUrl":"https:\/\/fenicetek.com\/wp-content\/uploads\/2025\/09\/logo-chat-ecommerce1.jpg","width":661,"height":661,"caption":"Fenicetek"},"image":{"@id":"https:\/\/fenicetek.com\/pt-br\/#\/schema\/logo\/image\/"}}]}},"_links":{"self":[{"href":"https:\/\/fenicetek.com\/pt-br\/wp-json\/wp\/v2\/product\/40307","targetHints":{"allow":["GET"]}}],"collection":[{"href":"https:\/\/fenicetek.com\/pt-br\/wp-json\/wp\/v2\/product"}],"about":[{"href":"https:\/\/fenicetek.com\/pt-br\/wp-json\/wp\/v2\/types\/product"}],"replies":[{"embeddable":true,"href":"https:\/\/fenicetek.com\/pt-br\/wp-json\/wp\/v2\/comments?post=40307"}],"wp:featuredmedia":[{"embeddable":true,"href":"https:\/\/fenicetek.com\/pt-br\/wp-json\/wp\/v2\/media\/41566"}],"wp:attachment":[{"href":"https:\/\/fenicetek.com\/pt-br\/wp-json\/wp\/v2\/media?parent=40307"}],"wp:term":[{"taxonomy":"product_cat","embeddable":true,"href":"https:\/\/fenicetek.com\/pt-br\/wp-json\/wp\/v2\/product_cat?post=40307"},{"taxonomy":"product_tag","embeddable":true,"href":"https:\/\/fenicetek.com\/pt-br\/wp-json\/wp\/v2\/product_tag?post=40307"}],"curies":[{"name":"wp","href":"https:\/\/api.w.org\/{rel}","templated":true}]}}