{"id":38519,"date":"2025-09-25T00:23:49","date_gmt":"2025-09-24T22:23:49","guid":{"rendered":"https:\/\/fenicetek.com\/prodotto\/cuoricino\/"},"modified":"2026-04-14T19:12:37","modified_gmt":"2026-04-14T17:12:37","slug":"cuoricino","status":"publish","type":"product","link":"https:\/\/fenicetek.com\/pt-br\/animal-de-estimacao\/cuoricino\/","title":{"rendered":"CUORICINO PET"},"content":{"rendered":"","protected":false},"excerpt":{"rendered":"<p>Esta urna memorial para pets em formato de cora\u00e7\u00e3o foi cuidadosamente projetada para guardar as cinzas de um companheiro querido, oferecendo uma homenagem delicada e respeitosa a uma vida profundamente amada. Com um delicado detalhe de patinha, dispon\u00edvel gravado ou laminado em ouro 18k, combina significado emocional com acabamento refinado. Sua capacidade \u00e9 adequada para restos cremados correspondentes a um peso corporal de aproximadamente 0\u201335 kg (0\u201377 lb) antes da crema\u00e7\u00e3o. Elegante e discreta, foi criada para preservar uma lembran\u00e7a preciosa com gra\u00e7a e dignidade.   <\/p>\n","protected":false},"featured_media":43912,"comment_status":"closed","ping_status":"closed","template":"","meta":[],"product_cat":[257],"product_tag":[],"class_list":{"0":"post-38519","1":"product","2":"type-product","3":"status-publish","4":"has-post-thumbnail","6":"product_cat-animal-de-estimacao","8":"first","9":"onbackorder","10":"taxable","11":"shipping-taxable","12":"product-type-variable"},"yoast_head":"<!-- This site is optimized with the Yoast SEO plugin v27.2 - https:\/\/yoast.com\/product\/yoast-seo-wordpress\/ -->\n<title>CUORICINO PET - Fenicetek<\/title>\n<meta name=\"robots\" content=\"index, follow, max-snippet:-1, max-image-preview:large, max-video-preview:-1\" \/>\n<link rel=\"canonical\" href=\"https:\/\/fenicetek.com\/pt-br\/animal-de-estimacao\/cuoricino\/\" \/>\n<script type=\"application\/ld+json\" class=\"yoast-schema-graph\">{\"@context\":\"https:\/\/schema.org\",\"@graph\":[{\"@type\":\"BreadcrumbList\",\"@id\":\"https:\/\/fenicetek.com\/pt-br\/animal-de-estimacao\/cuoricino\/#breadcrumb\",\"itemListElement\":[{\"@type\":\"ListItem\",\"position\":1,\"name\":\"In\u00edcio\",\"item\":\"https:\/\/fenicetek.com\/pt-br\/inicio\/\"},{\"@type\":\"ListItem\",\"position\":2,\"name\":\"Loja\",\"item\":\"https:\/\/fenicetek.com\/pt-br\/loja\/\"},{\"@type\":\"ListItem\",\"position\":3,\"name\":\"CUORICINO PET\"}]}]}<\/script>\n<!-- \/ Yoast SEO plugin. -->","yoast_head_json":{"title":"CUORICINO PET - Fenicetek","robots":{"index":"index","follow":"follow","max-snippet":"max-snippet:-1","max-image-preview":"max-image-preview:large","max-video-preview":"max-video-preview:-1"},"canonical":"https:\/\/fenicetek.com\/pt-br\/animal-de-estimacao\/cuoricino\/","schema":{"@context":"https:\/\/schema.org","@graph":[{"@type":"BreadcrumbList","@id":"https:\/\/fenicetek.com\/pt-br\/animal-de-estimacao\/cuoricino\/#breadcrumb","itemListElement":[{"@type":"ListItem","position":1,"name":"In\u00edcio","item":"https:\/\/fenicetek.com\/pt-br\/inicio\/"},{"@type":"ListItem","position":2,"name":"Loja","item":"https:\/\/fenicetek.com\/pt-br\/loja\/"},{"@type":"ListItem","position":3,"name":"CUORICINO PET"}]}]}},"_links":{"self":[{"href":"https:\/\/fenicetek.com\/pt-br\/wp-json\/wp\/v2\/product\/38519","targetHints":{"allow":["GET"]}}],"collection":[{"href":"https:\/\/fenicetek.com\/pt-br\/wp-json\/wp\/v2\/product"}],"about":[{"href":"https:\/\/fenicetek.com\/pt-br\/wp-json\/wp\/v2\/types\/product"}],"replies":[{"embeddable":true,"href":"https:\/\/fenicetek.com\/pt-br\/wp-json\/wp\/v2\/comments?post=38519"}],"wp:featuredmedia":[{"embeddable":true,"href":"https:\/\/fenicetek.com\/pt-br\/wp-json\/wp\/v2\/media\/43912"}],"wp:attachment":[{"href":"https:\/\/fenicetek.com\/pt-br\/wp-json\/wp\/v2\/media?parent=38519"}],"wp:term":[{"taxonomy":"product_cat","embeddable":true,"href":"https:\/\/fenicetek.com\/pt-br\/wp-json\/wp\/v2\/product_cat?post=38519"},{"taxonomy":"product_tag","embeddable":true,"href":"https:\/\/fenicetek.com\/pt-br\/wp-json\/wp\/v2\/product_tag?post=38519"}],"curies":[{"name":"wp","href":"https:\/\/api.w.org\/{rel}","templated":true}]}}