{"id":38555,"date":"2025-09-25T00:23:49","date_gmt":"2025-09-24T22:23:49","guid":{"rendered":"https:\/\/fenicetek.com\/prodotto\/cuoricino\/"},"modified":"2026-04-14T19:12:38","modified_gmt":"2026-04-14T17:12:38","slug":"cuoricino","status":"publish","type":"product","link":"https:\/\/fenicetek.com\/it\/animale-domestico\/cuoricino\/","title":{"rendered":"CUORICINO PET"},"content":{"rendered":"","protected":false},"excerpt":{"rendered":"<p>Questa urna commemorativa per animali a forma di cuore \u00e8 progettata con cura per custodire le ceneri di un compagno amato, offrendo un tributo tenero e rispettoso a una vita profondamente amata. Caratterizzata da un delicato dettaglio a forma di zampa, disponibile inciso o laminato in oro 18k, unisce significato emozionale e artigianalit\u00e0 raffinata. La sua capacit\u00e0 \u00e8 adatta per resti cremati corrispondenti a un peso corporeo di circa 0\u201335 kg (0\u201377 lbs) prima della cremazione. Elegante e discreta, \u00e8 creata per preservare un ricordo prezioso con grazia e dignit\u00e0.   <\/p>\n","protected":false},"featured_media":43911,"comment_status":"closed","ping_status":"closed","template":"","meta":[],"product_cat":[260],"product_tag":[],"class_list":{"0":"post-38555","1":"product","2":"type-product","3":"status-publish","4":"has-post-thumbnail","6":"product_cat-animale-domestico","8":"first","9":"onbackorder","10":"taxable","11":"shipping-taxable","12":"product-type-variable"},"yoast_head":"<!-- This site is optimized with the Yoast SEO plugin v27.2 - https:\/\/yoast.com\/product\/yoast-seo-wordpress\/ -->\n<title>CUORICINO PET - Fenicetek<\/title>\n<meta name=\"robots\" content=\"index, follow, max-snippet:-1, max-image-preview:large, max-video-preview:-1\" \/>\n<link rel=\"canonical\" href=\"https:\/\/fenicetek.com\/it\/animale-domestico\/cuoricino\/\" \/>\n<meta property=\"og:locale\" content=\"it_IT\" \/>\n<meta property=\"og:type\" content=\"article\" \/>\n<meta property=\"og:title\" content=\"CUORICINO PET - Fenicetek\" \/>\n<meta property=\"og:description\" content=\"Questa urna commemorativa per animali a forma di cuore \u00e8 progettata con cura per custodire le ceneri di un compagno amato, offrendo un tributo tenero e rispettoso a una vita profondamente amata. Caratterizzata da un delicato dettaglio a forma di zampa, disponibile inciso o laminato in oro 18k, unisce significato emozionale e artigianalit\u00e0 raffinata. La sua capacit\u00e0 \u00e8 adatta per resti cremati corrispondenti a un peso corporeo di circa 0\u201335 kg (0\u201377 lbs) prima della cremazione. Elegante e discreta, \u00e8 creata per preservare un ricordo prezioso con grazia e dignit\u00e0.\" \/>\n<meta property=\"og:url\" content=\"https:\/\/fenicetek.com\/it\/animale-domestico\/cuoricino\/\" \/>\n<meta property=\"og:site_name\" content=\"Fenicetek\" \/>\n<meta property=\"article:modified_time\" content=\"2026-04-14T17:12:38+00:00\" \/>\n<meta property=\"og:image\" content=\"https:\/\/fenicetek.com\/wp-content\/uploads\/2026\/04\/CUORICINO-BIANCO-FRONT-1.jpg\" \/>\n\t<meta property=\"og:image:width\" content=\"1250\" \/>\n\t<meta property=\"og:image:height\" content=\"1250\" \/>\n\t<meta property=\"og:image:type\" content=\"image\/jpeg\" \/>\n<meta name=\"twitter:card\" content=\"summary_large_image\" \/>\n<script type=\"application\/ld+json\" class=\"yoast-schema-graph\">{\"@context\":\"https:\/\/schema.org\",\"@graph\":[{\"@type\":\"WebPage\",\"@id\":\"https:\/\/fenicetek.com\/it\/animale-domestico\/cuoricino\/\",\"url\":\"https:\/\/fenicetek.com\/it\/animale-domestico\/cuoricino\/\",\"name\":\"CUORICINO PET - Fenicetek\",\"isPartOf\":{\"@id\":\"https:\/\/fenicetek.com\/it\/#website\"},\"primaryImageOfPage\":{\"@id\":\"https:\/\/fenicetek.com\/it\/animale-domestico\/cuoricino\/#primaryimage\"},\"image\":{\"@id\":\"https:\/\/fenicetek.com\/it\/animale-domestico\/cuoricino\/#primaryimage\"},\"thumbnailUrl\":\"https:\/\/fenicetek.com\/wp-content\/uploads\/2026\/04\/CUORICINO-BIANCO-FRONT-1.jpg\",\"datePublished\":\"2025-09-24T22:23:49+00:00\",\"dateModified\":\"2026-04-14T17:12:38+00:00\",\"breadcrumb\":{\"@id\":\"https:\/\/fenicetek.com\/it\/animale-domestico\/cuoricino\/#breadcrumb\"},\"inLanguage\":\"it-IT\",\"potentialAction\":[{\"@type\":\"ReadAction\",\"target\":[\"https:\/\/fenicetek.com\/it\/animale-domestico\/cuoricino\/\"]}]},{\"@type\":\"ImageObject\",\"inLanguage\":\"it-IT\",\"@id\":\"https:\/\/fenicetek.com\/it\/animale-domestico\/cuoricino\/#primaryimage\",\"url\":\"https:\/\/fenicetek.com\/wp-content\/uploads\/2026\/04\/CUORICINO-BIANCO-FRONT-1.jpg\",\"contentUrl\":\"https:\/\/fenicetek.com\/wp-content\/uploads\/2026\/04\/CUORICINO-BIANCO-FRONT-1.jpg\",\"width\":1250,\"height\":1250},{\"@type\":\"BreadcrumbList\",\"@id\":\"https:\/\/fenicetek.com\/it\/animale-domestico\/cuoricino\/#breadcrumb\",\"itemListElement\":[{\"@type\":\"ListItem\",\"position\":1,\"name\":\"Home\",\"item\":\"https:\/\/fenicetek.com\/it\/\"},{\"@type\":\"ListItem\",\"position\":2,\"name\":\"Shop\",\"item\":\"https:\/\/fenicetek.com\/it\/shop\/\"},{\"@type\":\"ListItem\",\"position\":3,\"name\":\"CUORICINO PET\"}]},{\"@type\":\"WebSite\",\"@id\":\"https:\/\/fenicetek.com\/it\/#website\",\"url\":\"https:\/\/fenicetek.com\/it\/\",\"name\":\"Fenicetek\",\"description\":\"Ceramic Funeral Urn Design\",\"publisher\":{\"@id\":\"https:\/\/fenicetek.com\/it\/#organization\"},\"potentialAction\":[{\"@type\":\"SearchAction\",\"target\":{\"@type\":\"EntryPoint\",\"urlTemplate\":\"https:\/\/fenicetek.com\/it\/?s={search_term_string}\"},\"query-input\":{\"@type\":\"PropertyValueSpecification\",\"valueRequired\":true,\"valueName\":\"search_term_string\"}}],\"inLanguage\":\"it-IT\"},{\"@type\":\"Organization\",\"@id\":\"https:\/\/fenicetek.com\/it\/#organization\",\"name\":\"Fenicetek\",\"url\":\"https:\/\/fenicetek.com\/it\/\",\"logo\":{\"@type\":\"ImageObject\",\"inLanguage\":\"it-IT\",\"@id\":\"https:\/\/fenicetek.com\/it\/#\/schema\/logo\/image\/\",\"url\":\"https:\/\/fenicetek.com\/wp-content\/uploads\/2025\/09\/logo-chat-ecommerce1.jpg\",\"contentUrl\":\"https:\/\/fenicetek.com\/wp-content\/uploads\/2025\/09\/logo-chat-ecommerce1.jpg\",\"width\":661,\"height\":661,\"caption\":\"Fenicetek\"},\"image\":{\"@id\":\"https:\/\/fenicetek.com\/it\/#\/schema\/logo\/image\/\"}}]}<\/script>\n<!-- \/ Yoast SEO plugin. -->","yoast_head_json":{"title":"CUORICINO PET - Fenicetek","robots":{"index":"index","follow":"follow","max-snippet":"max-snippet:-1","max-image-preview":"max-image-preview:large","max-video-preview":"max-video-preview:-1"},"canonical":"https:\/\/fenicetek.com\/it\/animale-domestico\/cuoricino\/","og_locale":"it_IT","og_type":"article","og_title":"CUORICINO PET - Fenicetek","og_description":"Questa urna commemorativa per animali a forma di cuore \u00e8 progettata con cura per custodire le ceneri di un compagno amato, offrendo un tributo tenero e rispettoso a una vita profondamente amata. Caratterizzata da un delicato dettaglio a forma di zampa, disponibile inciso o laminato in oro 18k, unisce significato emozionale e artigianalit\u00e0 raffinata. La sua capacit\u00e0 \u00e8 adatta per resti cremati corrispondenti a un peso corporeo di circa 0\u201335 kg (0\u201377 lbs) prima della cremazione. Elegante e discreta, \u00e8 creata per preservare un ricordo prezioso con grazia e dignit\u00e0.","og_url":"https:\/\/fenicetek.com\/it\/animale-domestico\/cuoricino\/","og_site_name":"Fenicetek","article_modified_time":"2026-04-14T17:12:38+00:00","og_image":[{"width":1250,"height":1250,"url":"https:\/\/fenicetek.com\/wp-content\/uploads\/2026\/04\/CUORICINO-BIANCO-FRONT-1.jpg","type":"image\/jpeg"}],"twitter_card":"summary_large_image","schema":{"@context":"https:\/\/schema.org","@graph":[{"@type":"WebPage","@id":"https:\/\/fenicetek.com\/it\/animale-domestico\/cuoricino\/","url":"https:\/\/fenicetek.com\/it\/animale-domestico\/cuoricino\/","name":"CUORICINO PET - Fenicetek","isPartOf":{"@id":"https:\/\/fenicetek.com\/it\/#website"},"primaryImageOfPage":{"@id":"https:\/\/fenicetek.com\/it\/animale-domestico\/cuoricino\/#primaryimage"},"image":{"@id":"https:\/\/fenicetek.com\/it\/animale-domestico\/cuoricino\/#primaryimage"},"thumbnailUrl":"https:\/\/fenicetek.com\/wp-content\/uploads\/2026\/04\/CUORICINO-BIANCO-FRONT-1.jpg","datePublished":"2025-09-24T22:23:49+00:00","dateModified":"2026-04-14T17:12:38+00:00","breadcrumb":{"@id":"https:\/\/fenicetek.com\/it\/animale-domestico\/cuoricino\/#breadcrumb"},"inLanguage":"it-IT","potentialAction":[{"@type":"ReadAction","target":["https:\/\/fenicetek.com\/it\/animale-domestico\/cuoricino\/"]}]},{"@type":"ImageObject","inLanguage":"it-IT","@id":"https:\/\/fenicetek.com\/it\/animale-domestico\/cuoricino\/#primaryimage","url":"https:\/\/fenicetek.com\/wp-content\/uploads\/2026\/04\/CUORICINO-BIANCO-FRONT-1.jpg","contentUrl":"https:\/\/fenicetek.com\/wp-content\/uploads\/2026\/04\/CUORICINO-BIANCO-FRONT-1.jpg","width":1250,"height":1250},{"@type":"BreadcrumbList","@id":"https:\/\/fenicetek.com\/it\/animale-domestico\/cuoricino\/#breadcrumb","itemListElement":[{"@type":"ListItem","position":1,"name":"Home","item":"https:\/\/fenicetek.com\/it\/"},{"@type":"ListItem","position":2,"name":"Shop","item":"https:\/\/fenicetek.com\/it\/shop\/"},{"@type":"ListItem","position":3,"name":"CUORICINO PET"}]},{"@type":"WebSite","@id":"https:\/\/fenicetek.com\/it\/#website","url":"https:\/\/fenicetek.com\/it\/","name":"Fenicetek","description":"Ceramic Funeral Urn Design","publisher":{"@id":"https:\/\/fenicetek.com\/it\/#organization"},"potentialAction":[{"@type":"SearchAction","target":{"@type":"EntryPoint","urlTemplate":"https:\/\/fenicetek.com\/it\/?s={search_term_string}"},"query-input":{"@type":"PropertyValueSpecification","valueRequired":true,"valueName":"search_term_string"}}],"inLanguage":"it-IT"},{"@type":"Organization","@id":"https:\/\/fenicetek.com\/it\/#organization","name":"Fenicetek","url":"https:\/\/fenicetek.com\/it\/","logo":{"@type":"ImageObject","inLanguage":"it-IT","@id":"https:\/\/fenicetek.com\/it\/#\/schema\/logo\/image\/","url":"https:\/\/fenicetek.com\/wp-content\/uploads\/2025\/09\/logo-chat-ecommerce1.jpg","contentUrl":"https:\/\/fenicetek.com\/wp-content\/uploads\/2025\/09\/logo-chat-ecommerce1.jpg","width":661,"height":661,"caption":"Fenicetek"},"image":{"@id":"https:\/\/fenicetek.com\/it\/#\/schema\/logo\/image\/"}}]}},"_links":{"self":[{"href":"https:\/\/fenicetek.com\/it\/wp-json\/wp\/v2\/product\/38555","targetHints":{"allow":["GET"]}}],"collection":[{"href":"https:\/\/fenicetek.com\/it\/wp-json\/wp\/v2\/product"}],"about":[{"href":"https:\/\/fenicetek.com\/it\/wp-json\/wp\/v2\/types\/product"}],"replies":[{"embeddable":true,"href":"https:\/\/fenicetek.com\/it\/wp-json\/wp\/v2\/comments?post=38555"}],"wp:featuredmedia":[{"embeddable":true,"href":"https:\/\/fenicetek.com\/it\/wp-json\/wp\/v2\/media\/43911"}],"wp:attachment":[{"href":"https:\/\/fenicetek.com\/it\/wp-json\/wp\/v2\/media?parent=38555"}],"wp:term":[{"taxonomy":"product_cat","embeddable":true,"href":"https:\/\/fenicetek.com\/it\/wp-json\/wp\/v2\/product_cat?post=38555"},{"taxonomy":"product_tag","embeddable":true,"href":"https:\/\/fenicetek.com\/it\/wp-json\/wp\/v2\/product_tag?post=38555"}],"curies":[{"name":"wp","href":"https:\/\/api.w.org\/{rel}","templated":true}]}}