{"id":43272,"date":"2026-04-14T16:19:50","date_gmt":"2026-04-14T14:19:50","guid":{"rendered":"https:\/\/fenicetek.com\/?post_type=product&#038;p=43272"},"modified":"2026-04-14T18:49:54","modified_gmt":"2026-04-14T16:49:54","slug":"fluvia-copy","status":"publish","type":"product","link":"https:\/\/fenicetek.com\/fr\/keepsakes\/fluvia-copy\/","title":{"rendered":"FLUVIA PETITE"},"content":{"rendered":"<p><span class=\"OYPEnA font-feature-liga-off font-feature-clig-off font-feature-calt-off text-decoration-none text-strikethrough-none\">Finition&nbsp;: <strong>C\u00e9ramique traditionnelle<\/strong>&#8211;<strong>Ecogrestek<\/strong><\/span><\/p>\n<p><span class=\"OYPEnA font-feature-liga-off font-feature-clig-off font-feature-calt-off text-decoration-none text-strikethrough-none\">Mat\u00e9riau&nbsp;: <strong>C\u00e9ramique<\/strong><\/span><\/p>\n<p><span class=\"OYPEnA font-feature-liga-off font-feature-clig-off font-feature-calt-off text-decoration-none text-strikethrough-none\">Dimensions (cm) : <strong>9 x 9 x 9 h<\/strong><\/span><\/p>\n<p><span class=\"OYPEnA font-feature-liga-off font-feature-clig-off font-feature-calt-off text-decoration-none text-strikethrough-none\">Dimensions (po) : <strong>3,5 x 3,5 x 3,5 in<\/strong><\/span><\/p>\n<p><span class=\"OYPEnA font-feature-liga-off font-feature-clig-off font-feature-calt-off text-decoration-none text-strikethrough-none\">Volume : <strong>350 ml<\/strong><\/span><strong> <span class=\"OYPEnA font-feature-liga-off font-feature-clig-off font-feature-calt-off text-decoration-none text-strikethrough-none\">|<\/span> <span class=\"OYPEnA font-feature-liga-off font-feature-clig-off font-feature-calt-off text-decoration-none text-strikethrough-none\">21 cu in<\/span><\/strong><\/p>\n","protected":false},"excerpt":{"rendered":"<p>Cette petite urne fun\u00e9raire Fluvia est con\u00e7ue avec soin pour accueillir les cendres d&#8217;un animal de compagnie bien-aim\u00e9 ou d&#8217;un enfant, offrant un hommage d\u00e9licat et respectueux dans les moments de perte profonde.<\/p>\n<p>Sa capacit\u00e9 convient aux cendres correspondant \u00e0 un poids corporel d&#8217;environ 0\u201335 kg (0\u201377 lbs) avant la cr\u00e9mation.<\/p>\n<p>\u00c9l\u00e9gante et discr\u00e8te, elle est cr\u00e9\u00e9e pour honorer un pr\u00e9cieux souvenir avec gr\u00e2ce et dignit\u00e9.<\/p>\n","protected":false},"featured_media":43437,"comment_status":"closed","ping_status":"closed","template":"","meta":[],"product_cat":[262],"product_tag":[],"class_list":{"0":"post-43272","1":"product","2":"type-product","3":"status-publish","4":"has-post-thumbnail","6":"product_cat-animal-de-compagnie","8":"first","9":"onbackorder","10":"taxable","11":"shipping-taxable","12":"product-type-variable"},"yoast_head":"<!-- This site is optimized with the Yoast SEO plugin v27.2 - https:\/\/yoast.com\/product\/yoast-seo-wordpress\/ -->\n<title>FLUVIA PETITE - Fenicetek<\/title>\n<meta name=\"robots\" content=\"index, follow, max-snippet:-1, max-image-preview:large, max-video-preview:-1\" \/>\n<link rel=\"canonical\" href=\"https:\/\/fenicetek.com\/fr\/keepsakes\/fluvia-copy\/\" \/>\n<meta property=\"og:locale\" content=\"fr_FR\" \/>\n<meta property=\"og:type\" content=\"article\" \/>\n<meta property=\"og:title\" content=\"FLUVIA PETITE - Fenicetek\" \/>\n<meta property=\"og:description\" content=\"Cette petite urne fun\u00e9raire Fluvia est con\u00e7ue avec soin pour accueillir les cendres d&#039;un animal de compagnie bien-aim\u00e9 ou d&#039;un enfant, offrant un hommage d\u00e9licat et respectueux dans les moments de perte profonde. Sa capacit\u00e9 convient aux cendres correspondant \u00e0 un poids corporel d&#039;environ 0\u201335 kg (0\u201377 lbs) avant la cr\u00e9mation. \u00c9l\u00e9gante et discr\u00e8te, elle est cr\u00e9\u00e9e pour honorer un pr\u00e9cieux souvenir avec gr\u00e2ce et dignit\u00e9.\" \/>\n<meta property=\"og:url\" content=\"https:\/\/fenicetek.com\/fr\/keepsakes\/fluvia-copy\/\" \/>\n<meta property=\"og:site_name\" content=\"Fenicetek\" \/>\n<meta property=\"article:modified_time\" content=\"2026-04-14T16:49:54+00:00\" \/>\n<meta property=\"og:image\" content=\"https:\/\/fenicetek.com\/wp-content\/uploads\/2026\/04\/FLUVIA-h140-ITALIA-FLUVIA-POST-1.jpg\" \/>\n\t<meta property=\"og:image:width\" content=\"1250\" \/>\n\t<meta property=\"og:image:height\" content=\"1250\" \/>\n\t<meta property=\"og:image:type\" content=\"image\/jpeg\" \/>\n<meta name=\"twitter:card\" content=\"summary_large_image\" \/>\n<script type=\"application\/ld+json\" class=\"yoast-schema-graph\">{\"@context\":\"https:\/\/schema.org\",\"@graph\":[{\"@type\":\"WebPage\",\"@id\":\"https:\/\/fenicetek.com\/fr\/keepsakes\/fluvia-copy\/\",\"url\":\"https:\/\/fenicetek.com\/fr\/keepsakes\/fluvia-copy\/\",\"name\":\"FLUVIA PETITE - Fenicetek\",\"isPartOf\":{\"@id\":\"https:\/\/fenicetek.com\/fr\/#website\"},\"primaryImageOfPage\":{\"@id\":\"https:\/\/fenicetek.com\/fr\/keepsakes\/fluvia-copy\/#primaryimage\"},\"image\":{\"@id\":\"https:\/\/fenicetek.com\/fr\/keepsakes\/fluvia-copy\/#primaryimage\"},\"thumbnailUrl\":\"https:\/\/fenicetek.com\/wp-content\/uploads\/2026\/04\/FLUVIA-h140-ITALIA-FLUVIA-POST-1.jpg\",\"datePublished\":\"2026-04-14T14:19:50+00:00\",\"dateModified\":\"2026-04-14T16:49:54+00:00\",\"breadcrumb\":{\"@id\":\"https:\/\/fenicetek.com\/fr\/keepsakes\/fluvia-copy\/#breadcrumb\"},\"inLanguage\":\"fr-FR\",\"potentialAction\":[{\"@type\":\"ReadAction\",\"target\":[\"https:\/\/fenicetek.com\/fr\/keepsakes\/fluvia-copy\/\"]}]},{\"@type\":\"ImageObject\",\"inLanguage\":\"fr-FR\",\"@id\":\"https:\/\/fenicetek.com\/fr\/keepsakes\/fluvia-copy\/#primaryimage\",\"url\":\"https:\/\/fenicetek.com\/wp-content\/uploads\/2026\/04\/FLUVIA-h140-ITALIA-FLUVIA-POST-1.jpg\",\"contentUrl\":\"https:\/\/fenicetek.com\/wp-content\/uploads\/2026\/04\/FLUVIA-h140-ITALIA-FLUVIA-POST-1.jpg\",\"width\":1250,\"height\":1250},{\"@type\":\"BreadcrumbList\",\"@id\":\"https:\/\/fenicetek.com\/fr\/keepsakes\/fluvia-copy\/#breadcrumb\",\"itemListElement\":[{\"@type\":\"ListItem\",\"position\":1,\"name\":\"Accueil\",\"item\":\"https:\/\/fenicetek.com\/fr\/\"},{\"@type\":\"ListItem\",\"position\":2,\"name\":\"Boutique\",\"item\":\"https:\/\/fenicetek.com\/fr\/boutique\/\"},{\"@type\":\"ListItem\",\"position\":3,\"name\":\"FLUVIA PETITE\"}]},{\"@type\":\"WebSite\",\"@id\":\"https:\/\/fenicetek.com\/fr\/#website\",\"url\":\"https:\/\/fenicetek.com\/fr\/\",\"name\":\"Fenicetek\",\"description\":\"Ceramic Funeral Urn Design\",\"publisher\":{\"@id\":\"https:\/\/fenicetek.com\/fr\/#organization\"},\"potentialAction\":[{\"@type\":\"SearchAction\",\"target\":{\"@type\":\"EntryPoint\",\"urlTemplate\":\"https:\/\/fenicetek.com\/fr\/?s={search_term_string}\"},\"query-input\":{\"@type\":\"PropertyValueSpecification\",\"valueRequired\":true,\"valueName\":\"search_term_string\"}}],\"inLanguage\":\"fr-FR\"},{\"@type\":\"Organization\",\"@id\":\"https:\/\/fenicetek.com\/fr\/#organization\",\"name\":\"Fenicetek\",\"url\":\"https:\/\/fenicetek.com\/fr\/\",\"logo\":{\"@type\":\"ImageObject\",\"inLanguage\":\"fr-FR\",\"@id\":\"https:\/\/fenicetek.com\/fr\/#\/schema\/logo\/image\/\",\"url\":\"https:\/\/fenicetek.com\/wp-content\/uploads\/2025\/09\/logo-chat-ecommerce1.jpg\",\"contentUrl\":\"https:\/\/fenicetek.com\/wp-content\/uploads\/2025\/09\/logo-chat-ecommerce1.jpg\",\"width\":661,\"height\":661,\"caption\":\"Fenicetek\"},\"image\":{\"@id\":\"https:\/\/fenicetek.com\/fr\/#\/schema\/logo\/image\/\"}}]}<\/script>\n<!-- \/ Yoast SEO plugin. -->","yoast_head_json":{"title":"FLUVIA PETITE - Fenicetek","robots":{"index":"index","follow":"follow","max-snippet":"max-snippet:-1","max-image-preview":"max-image-preview:large","max-video-preview":"max-video-preview:-1"},"canonical":"https:\/\/fenicetek.com\/fr\/keepsakes\/fluvia-copy\/","og_locale":"fr_FR","og_type":"article","og_title":"FLUVIA PETITE - Fenicetek","og_description":"Cette petite urne fun\u00e9raire Fluvia est con\u00e7ue avec soin pour accueillir les cendres d'un animal de compagnie bien-aim\u00e9 ou d'un enfant, offrant un hommage d\u00e9licat et respectueux dans les moments de perte profonde. Sa capacit\u00e9 convient aux cendres correspondant \u00e0 un poids corporel d'environ 0\u201335 kg (0\u201377 lbs) avant la cr\u00e9mation. \u00c9l\u00e9gante et discr\u00e8te, elle est cr\u00e9\u00e9e pour honorer un pr\u00e9cieux souvenir avec gr\u00e2ce et dignit\u00e9.","og_url":"https:\/\/fenicetek.com\/fr\/keepsakes\/fluvia-copy\/","og_site_name":"Fenicetek","article_modified_time":"2026-04-14T16:49:54+00:00","og_image":[{"width":1250,"height":1250,"url":"https:\/\/fenicetek.com\/wp-content\/uploads\/2026\/04\/FLUVIA-h140-ITALIA-FLUVIA-POST-1.jpg","type":"image\/jpeg"}],"twitter_card":"summary_large_image","schema":{"@context":"https:\/\/schema.org","@graph":[{"@type":"WebPage","@id":"https:\/\/fenicetek.com\/fr\/keepsakes\/fluvia-copy\/","url":"https:\/\/fenicetek.com\/fr\/keepsakes\/fluvia-copy\/","name":"FLUVIA PETITE - Fenicetek","isPartOf":{"@id":"https:\/\/fenicetek.com\/fr\/#website"},"primaryImageOfPage":{"@id":"https:\/\/fenicetek.com\/fr\/keepsakes\/fluvia-copy\/#primaryimage"},"image":{"@id":"https:\/\/fenicetek.com\/fr\/keepsakes\/fluvia-copy\/#primaryimage"},"thumbnailUrl":"https:\/\/fenicetek.com\/wp-content\/uploads\/2026\/04\/FLUVIA-h140-ITALIA-FLUVIA-POST-1.jpg","datePublished":"2026-04-14T14:19:50+00:00","dateModified":"2026-04-14T16:49:54+00:00","breadcrumb":{"@id":"https:\/\/fenicetek.com\/fr\/keepsakes\/fluvia-copy\/#breadcrumb"},"inLanguage":"fr-FR","potentialAction":[{"@type":"ReadAction","target":["https:\/\/fenicetek.com\/fr\/keepsakes\/fluvia-copy\/"]}]},{"@type":"ImageObject","inLanguage":"fr-FR","@id":"https:\/\/fenicetek.com\/fr\/keepsakes\/fluvia-copy\/#primaryimage","url":"https:\/\/fenicetek.com\/wp-content\/uploads\/2026\/04\/FLUVIA-h140-ITALIA-FLUVIA-POST-1.jpg","contentUrl":"https:\/\/fenicetek.com\/wp-content\/uploads\/2026\/04\/FLUVIA-h140-ITALIA-FLUVIA-POST-1.jpg","width":1250,"height":1250},{"@type":"BreadcrumbList","@id":"https:\/\/fenicetek.com\/fr\/keepsakes\/fluvia-copy\/#breadcrumb","itemListElement":[{"@type":"ListItem","position":1,"name":"Accueil","item":"https:\/\/fenicetek.com\/fr\/"},{"@type":"ListItem","position":2,"name":"Boutique","item":"https:\/\/fenicetek.com\/fr\/boutique\/"},{"@type":"ListItem","position":3,"name":"FLUVIA PETITE"}]},{"@type":"WebSite","@id":"https:\/\/fenicetek.com\/fr\/#website","url":"https:\/\/fenicetek.com\/fr\/","name":"Fenicetek","description":"Ceramic Funeral Urn Design","publisher":{"@id":"https:\/\/fenicetek.com\/fr\/#organization"},"potentialAction":[{"@type":"SearchAction","target":{"@type":"EntryPoint","urlTemplate":"https:\/\/fenicetek.com\/fr\/?s={search_term_string}"},"query-input":{"@type":"PropertyValueSpecification","valueRequired":true,"valueName":"search_term_string"}}],"inLanguage":"fr-FR"},{"@type":"Organization","@id":"https:\/\/fenicetek.com\/fr\/#organization","name":"Fenicetek","url":"https:\/\/fenicetek.com\/fr\/","logo":{"@type":"ImageObject","inLanguage":"fr-FR","@id":"https:\/\/fenicetek.com\/fr\/#\/schema\/logo\/image\/","url":"https:\/\/fenicetek.com\/wp-content\/uploads\/2025\/09\/logo-chat-ecommerce1.jpg","contentUrl":"https:\/\/fenicetek.com\/wp-content\/uploads\/2025\/09\/logo-chat-ecommerce1.jpg","width":661,"height":661,"caption":"Fenicetek"},"image":{"@id":"https:\/\/fenicetek.com\/fr\/#\/schema\/logo\/image\/"}}]}},"_links":{"self":[{"href":"https:\/\/fenicetek.com\/fr\/wp-json\/wp\/v2\/product\/43272","targetHints":{"allow":["GET"]}}],"collection":[{"href":"https:\/\/fenicetek.com\/fr\/wp-json\/wp\/v2\/product"}],"about":[{"href":"https:\/\/fenicetek.com\/fr\/wp-json\/wp\/v2\/types\/product"}],"replies":[{"embeddable":true,"href":"https:\/\/fenicetek.com\/fr\/wp-json\/wp\/v2\/comments?post=43272"}],"wp:featuredmedia":[{"embeddable":true,"href":"https:\/\/fenicetek.com\/fr\/wp-json\/wp\/v2\/media\/43437"}],"wp:attachment":[{"href":"https:\/\/fenicetek.com\/fr\/wp-json\/wp\/v2\/media?parent=43272"}],"wp:term":[{"taxonomy":"product_cat","embeddable":true,"href":"https:\/\/fenicetek.com\/fr\/wp-json\/wp\/v2\/product_cat?post=43272"},{"taxonomy":"product_tag","embeddable":true,"href":"https:\/\/fenicetek.com\/fr\/wp-json\/wp\/v2\/product_tag?post=43272"}],"curies":[{"name":"wp","href":"https:\/\/api.w.org\/{rel}","templated":true}]}}