{"id":39911,"date":"2026-01-12T12:59:38","date_gmt":"2026-01-12T11:59:38","guid":{"rendered":"https:\/\/fenicetek.com\/?post_type=product&#038;p=39911"},"modified":"2026-04-14T18:42:04","modified_gmt":"2026-04-14T16:42:04","slug":"seta-keepsakes-copy","status":"publish","type":"product","link":"https:\/\/fenicetek.com\/fr\/keepsakes\/fluvia\/","title":{"rendered":"FLUVIA KEEPSAKES"},"content":{"rendered":"<p><span class=\"OYPEnA font-feature-liga-off font-feature-clig-off font-feature-calt-off text-decoration-none text-strikethrough-none\">Finition&nbsp;: <strong>C\u00e9ramique traditionnelle<\/strong>&#8211;<strong>Ecogrestek<\/strong><\/span><\/p>\n<p><span class=\"OYPEnA font-feature-liga-off font-feature-clig-off font-feature-calt-off text-decoration-none text-strikethrough-none\">Mat\u00e9riau&nbsp;: <strong>C\u00e9ramique<\/strong><\/span><\/p>\n<p><span class=\"OYPEnA font-feature-liga-off font-feature-clig-off font-feature-calt-off text-decoration-none text-strikethrough-none\">Dimensions (cm) : <strong>9 x 9 x 9 h<\/strong><\/span><\/p>\n<p><span class=\"OYPEnA font-feature-liga-off font-feature-clig-off font-feature-calt-off text-decoration-none text-strikethrough-none\">Dimensions (po) : <strong>3,5 x 3,5 x 3,5 in<\/strong><\/span><\/p>\n<p><span class=\"OYPEnA font-feature-liga-off font-feature-clig-off font-feature-calt-off text-decoration-none text-strikethrough-none\">Volume : <strong>350 ml<\/strong><\/span><strong> <span class=\"OYPEnA font-feature-liga-off font-feature-clig-off font-feature-calt-off text-decoration-none text-strikethrough-none\">|<\/span> <span class=\"OYPEnA font-feature-liga-off font-feature-clig-off font-feature-calt-off text-decoration-none text-strikethrough-none\">21 cu in<\/span><\/strong><\/p>\n","protected":false},"excerpt":{"rendered":"<p><span class=\"OYPEnA font-feature-liga-off font-feature-clig-off font-feature-calt-off text-decoration-none text-strikethrough-none\" style=\"color: #000000;\">Finition&nbsp;: <strong>Gla\u00e7ure + Vernis Platine<\/strong><\/span><\/p>\n<p><span class=\"OYPEnA font-feature-liga-off font-feature-clig-off font-feature-calt-off text-decoration-none text-strikethrough-none\" style=\"color: #000000;\">Mat\u00e9riau&nbsp;: <strong>C\u00e9ramique<\/strong><\/span><\/p>\n<p><span class=\"OYPEnA font-feature-liga-off font-feature-clig-off font-feature-calt-off text-decoration-none text-strikethrough-none\" style=\"color: #000000;\">Dimensions (cm)&nbsp;: <strong>7 x 7 x 9 h<\/strong><\/span><\/p>\n<p><span class=\"OYPEnA font-feature-liga-off font-feature-clig-off font-feature-calt-off text-decoration-none text-strikethrough-none\" style=\"color: #000000;\">Dimensions (po) : <strong>2,7 x 2,7 x 3,5 in<\/strong><\/span><\/p>\n<p><span style=\"color: #000000;\"><span class=\"OYPEnA font-feature-liga-off font-feature-clig-off font-feature-calt-off text-decoration-none text-strikethrough-none\">Volume&nbsp;: <strong>180 ml<\/strong><\/span><strong> &#8211; <span class=\"OYPEnA font-feature-liga-off font-feature-clig-off font-feature-calt-off text-decoration-none text-strikethrough-none\">11 cu in<\/span><\/strong><\/span><\/p>\n<p><span style=\"color: #cf1d1d;\"><strong>**Ce produit est vendu exclusivement par bo\u00eetes de 12&nbsp;pi\u00e8ces. <\/strong><\/span><span style=\"color: #cf1d1d;\"><strong>Veuillez s\u00e9lectionner une quantit\u00e9 minimum de 12 ou des multiples de 12.<\/strong><\/span><\/p>\n","protected":false},"featured_media":33182,"comment_status":"closed","ping_status":"closed","template":"","meta":[],"product_cat":[243],"product_tag":[],"class_list":{"0":"post-39911","1":"product","2":"type-product","3":"status-publish","4":"has-post-thumbnail","6":"product_cat-keepsakes","8":"first","9":"onbackorder","10":"taxable","11":"shipping-taxable","12":"product-type-variable"},"yoast_head":"<!-- This site is optimized with the Yoast SEO plugin v27.2 - https:\/\/yoast.com\/product\/yoast-seo-wordpress\/ -->\n<title>FLUVIA KEEPSAKES - Fenicetek<\/title>\n<meta name=\"robots\" content=\"index, follow, max-snippet:-1, max-image-preview:large, max-video-preview:-1\" \/>\n<link rel=\"canonical\" href=\"https:\/\/fenicetek.com\/fr\/keepsakes\/fluvia\/\" \/>\n<meta property=\"og:locale\" content=\"fr_FR\" \/>\n<meta property=\"og:type\" content=\"article\" \/>\n<meta property=\"og:title\" content=\"FLUVIA KEEPSAKES - Fenicetek\" \/>\n<meta property=\"og:description\" content=\"Finition&nbsp;: Gla\u00e7ure + Vernis Platine Mat\u00e9riau&nbsp;: C\u00e9ramique Dimensions (cm)&nbsp;: 7 x 7 x 9 h Dimensions (po) : 2,7 x 2,7 x 3,5 in Volume&nbsp;: 180 ml - 11 cu in **Ce produit est vendu exclusivement par bo\u00eetes de 12&nbsp;pi\u00e8ces. Veuillez s\u00e9lectionner une quantit\u00e9 minimum de 12 ou des multiples de 12.\" \/>\n<meta property=\"og:url\" content=\"https:\/\/fenicetek.com\/fr\/keepsakes\/fluvia\/\" \/>\n<meta property=\"og:site_name\" content=\"Fenicetek\" \/>\n<meta property=\"article:modified_time\" content=\"2026-04-14T16:42:04+00:00\" \/>\n<meta property=\"og:image\" content=\"https:\/\/fenicetek.com\/wp-content\/uploads\/2026\/01\/FLUVIA-KEEPSAKE-BIANCA-FRONT.jpg\" \/>\n\t<meta property=\"og:image:width\" content=\"2500\" \/>\n\t<meta property=\"og:image:height\" content=\"2500\" \/>\n\t<meta property=\"og:image:type\" content=\"image\/jpeg\" \/>\n<meta name=\"twitter:card\" content=\"summary_large_image\" \/>\n<script type=\"application\/ld+json\" class=\"yoast-schema-graph\">{\"@context\":\"https:\/\/schema.org\",\"@graph\":[{\"@type\":\"WebPage\",\"@id\":\"https:\/\/fenicetek.com\/fr\/keepsakes\/fluvia\/\",\"url\":\"https:\/\/fenicetek.com\/fr\/keepsakes\/fluvia\/\",\"name\":\"FLUVIA KEEPSAKES - Fenicetek\",\"isPartOf\":{\"@id\":\"https:\/\/fenicetek.com\/fr\/#website\"},\"primaryImageOfPage\":{\"@id\":\"https:\/\/fenicetek.com\/fr\/keepsakes\/fluvia\/#primaryimage\"},\"image\":{\"@id\":\"https:\/\/fenicetek.com\/fr\/keepsakes\/fluvia\/#primaryimage\"},\"thumbnailUrl\":\"https:\/\/fenicetek.com\/wp-content\/uploads\/2026\/01\/FLUVIA-KEEPSAKE-BIANCA-FRONT.jpg\",\"datePublished\":\"2026-01-12T11:59:38+00:00\",\"dateModified\":\"2026-04-14T16:42:04+00:00\",\"breadcrumb\":{\"@id\":\"https:\/\/fenicetek.com\/fr\/keepsakes\/fluvia\/#breadcrumb\"},\"inLanguage\":\"fr-FR\",\"potentialAction\":[{\"@type\":\"ReadAction\",\"target\":[\"https:\/\/fenicetek.com\/fr\/keepsakes\/fluvia\/\"]}]},{\"@type\":\"ImageObject\",\"inLanguage\":\"fr-FR\",\"@id\":\"https:\/\/fenicetek.com\/fr\/keepsakes\/fluvia\/#primaryimage\",\"url\":\"https:\/\/fenicetek.com\/wp-content\/uploads\/2026\/01\/FLUVIA-KEEPSAKE-BIANCA-FRONT.jpg\",\"contentUrl\":\"https:\/\/fenicetek.com\/wp-content\/uploads\/2026\/01\/FLUVIA-KEEPSAKE-BIANCA-FRONT.jpg\",\"width\":2500,\"height\":2500},{\"@type\":\"BreadcrumbList\",\"@id\":\"https:\/\/fenicetek.com\/fr\/keepsakes\/fluvia\/#breadcrumb\",\"itemListElement\":[{\"@type\":\"ListItem\",\"position\":1,\"name\":\"Accueil\",\"item\":\"https:\/\/fenicetek.com\/fr\/\"},{\"@type\":\"ListItem\",\"position\":2,\"name\":\"Boutique\",\"item\":\"https:\/\/fenicetek.com\/fr\/boutique\/\"},{\"@type\":\"ListItem\",\"position\":3,\"name\":\"FLUVIA KEEPSAKES\"}]},{\"@type\":\"WebSite\",\"@id\":\"https:\/\/fenicetek.com\/fr\/#website\",\"url\":\"https:\/\/fenicetek.com\/fr\/\",\"name\":\"Fenicetek\",\"description\":\"Ceramic Funeral Urn Design\",\"publisher\":{\"@id\":\"https:\/\/fenicetek.com\/fr\/#organization\"},\"potentialAction\":[{\"@type\":\"SearchAction\",\"target\":{\"@type\":\"EntryPoint\",\"urlTemplate\":\"https:\/\/fenicetek.com\/fr\/?s={search_term_string}\"},\"query-input\":{\"@type\":\"PropertyValueSpecification\",\"valueRequired\":true,\"valueName\":\"search_term_string\"}}],\"inLanguage\":\"fr-FR\"},{\"@type\":\"Organization\",\"@id\":\"https:\/\/fenicetek.com\/fr\/#organization\",\"name\":\"Fenicetek\",\"url\":\"https:\/\/fenicetek.com\/fr\/\",\"logo\":{\"@type\":\"ImageObject\",\"inLanguage\":\"fr-FR\",\"@id\":\"https:\/\/fenicetek.com\/fr\/#\/schema\/logo\/image\/\",\"url\":\"https:\/\/fenicetek.com\/wp-content\/uploads\/2025\/09\/logo-chat-ecommerce1.jpg\",\"contentUrl\":\"https:\/\/fenicetek.com\/wp-content\/uploads\/2025\/09\/logo-chat-ecommerce1.jpg\",\"width\":661,\"height\":661,\"caption\":\"Fenicetek\"},\"image\":{\"@id\":\"https:\/\/fenicetek.com\/fr\/#\/schema\/logo\/image\/\"}}]}<\/script>\n<!-- \/ Yoast SEO plugin. -->","yoast_head_json":{"title":"FLUVIA KEEPSAKES - Fenicetek","robots":{"index":"index","follow":"follow","max-snippet":"max-snippet:-1","max-image-preview":"max-image-preview:large","max-video-preview":"max-video-preview:-1"},"canonical":"https:\/\/fenicetek.com\/fr\/keepsakes\/fluvia\/","og_locale":"fr_FR","og_type":"article","og_title":"FLUVIA KEEPSAKES - Fenicetek","og_description":"Finition&nbsp;: Gla\u00e7ure + Vernis Platine Mat\u00e9riau&nbsp;: C\u00e9ramique Dimensions (cm)&nbsp;: 7 x 7 x 9 h Dimensions (po) : 2,7 x 2,7 x 3,5 in Volume&nbsp;: 180 ml - 11 cu in **Ce produit est vendu exclusivement par bo\u00eetes de 12&nbsp;pi\u00e8ces. Veuillez s\u00e9lectionner une quantit\u00e9 minimum de 12 ou des multiples de 12.","og_url":"https:\/\/fenicetek.com\/fr\/keepsakes\/fluvia\/","og_site_name":"Fenicetek","article_modified_time":"2026-04-14T16:42:04+00:00","og_image":[{"width":2500,"height":2500,"url":"https:\/\/fenicetek.com\/wp-content\/uploads\/2026\/01\/FLUVIA-KEEPSAKE-BIANCA-FRONT.jpg","type":"image\/jpeg"}],"twitter_card":"summary_large_image","schema":{"@context":"https:\/\/schema.org","@graph":[{"@type":"WebPage","@id":"https:\/\/fenicetek.com\/fr\/keepsakes\/fluvia\/","url":"https:\/\/fenicetek.com\/fr\/keepsakes\/fluvia\/","name":"FLUVIA KEEPSAKES - Fenicetek","isPartOf":{"@id":"https:\/\/fenicetek.com\/fr\/#website"},"primaryImageOfPage":{"@id":"https:\/\/fenicetek.com\/fr\/keepsakes\/fluvia\/#primaryimage"},"image":{"@id":"https:\/\/fenicetek.com\/fr\/keepsakes\/fluvia\/#primaryimage"},"thumbnailUrl":"https:\/\/fenicetek.com\/wp-content\/uploads\/2026\/01\/FLUVIA-KEEPSAKE-BIANCA-FRONT.jpg","datePublished":"2026-01-12T11:59:38+00:00","dateModified":"2026-04-14T16:42:04+00:00","breadcrumb":{"@id":"https:\/\/fenicetek.com\/fr\/keepsakes\/fluvia\/#breadcrumb"},"inLanguage":"fr-FR","potentialAction":[{"@type":"ReadAction","target":["https:\/\/fenicetek.com\/fr\/keepsakes\/fluvia\/"]}]},{"@type":"ImageObject","inLanguage":"fr-FR","@id":"https:\/\/fenicetek.com\/fr\/keepsakes\/fluvia\/#primaryimage","url":"https:\/\/fenicetek.com\/wp-content\/uploads\/2026\/01\/FLUVIA-KEEPSAKE-BIANCA-FRONT.jpg","contentUrl":"https:\/\/fenicetek.com\/wp-content\/uploads\/2026\/01\/FLUVIA-KEEPSAKE-BIANCA-FRONT.jpg","width":2500,"height":2500},{"@type":"BreadcrumbList","@id":"https:\/\/fenicetek.com\/fr\/keepsakes\/fluvia\/#breadcrumb","itemListElement":[{"@type":"ListItem","position":1,"name":"Accueil","item":"https:\/\/fenicetek.com\/fr\/"},{"@type":"ListItem","position":2,"name":"Boutique","item":"https:\/\/fenicetek.com\/fr\/boutique\/"},{"@type":"ListItem","position":3,"name":"FLUVIA KEEPSAKES"}]},{"@type":"WebSite","@id":"https:\/\/fenicetek.com\/fr\/#website","url":"https:\/\/fenicetek.com\/fr\/","name":"Fenicetek","description":"Ceramic Funeral Urn Design","publisher":{"@id":"https:\/\/fenicetek.com\/fr\/#organization"},"potentialAction":[{"@type":"SearchAction","target":{"@type":"EntryPoint","urlTemplate":"https:\/\/fenicetek.com\/fr\/?s={search_term_string}"},"query-input":{"@type":"PropertyValueSpecification","valueRequired":true,"valueName":"search_term_string"}}],"inLanguage":"fr-FR"},{"@type":"Organization","@id":"https:\/\/fenicetek.com\/fr\/#organization","name":"Fenicetek","url":"https:\/\/fenicetek.com\/fr\/","logo":{"@type":"ImageObject","inLanguage":"fr-FR","@id":"https:\/\/fenicetek.com\/fr\/#\/schema\/logo\/image\/","url":"https:\/\/fenicetek.com\/wp-content\/uploads\/2025\/09\/logo-chat-ecommerce1.jpg","contentUrl":"https:\/\/fenicetek.com\/wp-content\/uploads\/2025\/09\/logo-chat-ecommerce1.jpg","width":661,"height":661,"caption":"Fenicetek"},"image":{"@id":"https:\/\/fenicetek.com\/fr\/#\/schema\/logo\/image\/"}}]}},"_links":{"self":[{"href":"https:\/\/fenicetek.com\/fr\/wp-json\/wp\/v2\/product\/39911","targetHints":{"allow":["GET"]}}],"collection":[{"href":"https:\/\/fenicetek.com\/fr\/wp-json\/wp\/v2\/product"}],"about":[{"href":"https:\/\/fenicetek.com\/fr\/wp-json\/wp\/v2\/types\/product"}],"replies":[{"embeddable":true,"href":"https:\/\/fenicetek.com\/fr\/wp-json\/wp\/v2\/comments?post=39911"}],"wp:featuredmedia":[{"embeddable":true,"href":"https:\/\/fenicetek.com\/fr\/wp-json\/wp\/v2\/media\/33182"}],"wp:attachment":[{"href":"https:\/\/fenicetek.com\/fr\/wp-json\/wp\/v2\/media?parent=39911"}],"wp:term":[{"taxonomy":"product_cat","embeddable":true,"href":"https:\/\/fenicetek.com\/fr\/wp-json\/wp\/v2\/product_cat?post=39911"},{"taxonomy":"product_tag","embeddable":true,"href":"https:\/\/fenicetek.com\/fr\/wp-json\/wp\/v2\/product_tag?post=39911"}],"curies":[{"name":"wp","href":"https:\/\/api.w.org\/{rel}","templated":true}]}}