{"id":38566,"date":"2025-09-25T00:23:49","date_gmt":"2025-09-24T22:23:49","guid":{"rendered":"https:\/\/fenicetek.com\/prodotto\/cuoricino\/"},"modified":"2026-04-14T19:12:40","modified_gmt":"2026-04-14T17:12:40","slug":"cuoricino","status":"publish","type":"product","link":"https:\/\/fenicetek.com\/fr\/animal-de-compagnie\/cuoricino\/","title":{"rendered":"CUORICINO pour animaux"},"content":{"rendered":"","protected":false},"excerpt":{"rendered":"<p>Cette urne fun\u00e9raire pour animaux en forme de c\u0153ur est d\u00e9licatement con\u00e7ue pour accueillir les cendres d\u2019un compagnon fid\u00e8le, offrant un hommage tendre et respectueux \u00e0 une vie tant aim\u00e9e. Orn\u00e9e d\u2019un d\u00e9tail de patte raffin\u00e9, disponible en version grav\u00e9e ou lamin\u00e9e \u00e0 l\u2019or 18 carats, elle allie profondeur \u00e9motionnelle et savoir-faire artisanal. Sa capacit\u00e9 convient aux cendres d\u2019un animal pesant environ 0 \u00e0 35 kg (0 \u00e0 77 lb) avant cr\u00e9mation. \u00c9l\u00e9gante et discr\u00e8te, elle est cr\u00e9\u00e9e pour pr\u00e9server un souvenir pr\u00e9cieux avec gr\u00e2ce et dignit\u00e9.   <\/p>\n","protected":false},"featured_media":43910,"comment_status":"closed","ping_status":"closed","template":"","meta":[],"product_cat":[262],"product_tag":[],"class_list":{"0":"post-38566","1":"product","2":"type-product","3":"status-publish","4":"has-post-thumbnail","6":"product_cat-animal-de-compagnie","8":"first","9":"onbackorder","10":"taxable","11":"shipping-taxable","12":"product-type-variable"},"yoast_head":"<!-- This site is optimized with the Yoast SEO plugin v27.2 - https:\/\/yoast.com\/product\/yoast-seo-wordpress\/ -->\n<title>CUORICINO pour animaux - Fenicetek<\/title>\n<meta name=\"robots\" content=\"index, follow, max-snippet:-1, max-image-preview:large, max-video-preview:-1\" \/>\n<link rel=\"canonical\" href=\"https:\/\/fenicetek.com\/fr\/animal-de-compagnie\/cuoricino\/\" \/>\n<meta property=\"og:locale\" content=\"fr_FR\" \/>\n<meta property=\"og:type\" content=\"article\" \/>\n<meta property=\"og:title\" content=\"CUORICINO pour animaux - Fenicetek\" \/>\n<meta property=\"og:description\" content=\"Cette urne fun\u00e9raire pour animaux en forme de c\u0153ur est d\u00e9licatement con\u00e7ue pour accueillir les cendres d\u2019un compagnon fid\u00e8le, offrant un hommage tendre et respectueux \u00e0 une vie tant aim\u00e9e. Orn\u00e9e d\u2019un d\u00e9tail de patte raffin\u00e9, disponible en version grav\u00e9e ou lamin\u00e9e \u00e0 l\u2019or 18 carats, elle allie profondeur \u00e9motionnelle et savoir-faire artisanal. Sa capacit\u00e9 convient aux cendres d\u2019un animal pesant environ 0 \u00e0 35 kg (0 \u00e0 77 lb) avant cr\u00e9mation. \u00c9l\u00e9gante et discr\u00e8te, elle est cr\u00e9\u00e9e pour pr\u00e9server un souvenir pr\u00e9cieux avec gr\u00e2ce et dignit\u00e9.\" \/>\n<meta property=\"og:url\" content=\"https:\/\/fenicetek.com\/fr\/animal-de-compagnie\/cuoricino\/\" \/>\n<meta property=\"og:site_name\" content=\"Fenicetek\" \/>\n<meta property=\"article:modified_time\" content=\"2026-04-14T17:12:40+00:00\" \/>\n<meta property=\"og:image\" content=\"https:\/\/fenicetek.com\/wp-content\/uploads\/2026\/04\/CUORICINO-BIANCO-FRONT-1.jpg\" \/>\n\t<meta property=\"og:image:width\" content=\"1250\" \/>\n\t<meta property=\"og:image:height\" content=\"1250\" \/>\n\t<meta property=\"og:image:type\" content=\"image\/jpeg\" \/>\n<meta name=\"twitter:card\" content=\"summary_large_image\" \/>\n<script type=\"application\/ld+json\" class=\"yoast-schema-graph\">{\"@context\":\"https:\/\/schema.org\",\"@graph\":[{\"@type\":\"WebPage\",\"@id\":\"https:\/\/fenicetek.com\/fr\/animal-de-compagnie\/cuoricino\/\",\"url\":\"https:\/\/fenicetek.com\/fr\/animal-de-compagnie\/cuoricino\/\",\"name\":\"CUORICINO pour animaux - Fenicetek\",\"isPartOf\":{\"@id\":\"https:\/\/fenicetek.com\/fr\/#website\"},\"primaryImageOfPage\":{\"@id\":\"https:\/\/fenicetek.com\/fr\/animal-de-compagnie\/cuoricino\/#primaryimage\"},\"image\":{\"@id\":\"https:\/\/fenicetek.com\/fr\/animal-de-compagnie\/cuoricino\/#primaryimage\"},\"thumbnailUrl\":\"https:\/\/fenicetek.com\/wp-content\/uploads\/2026\/04\/CUORICINO-BIANCO-FRONT-1.jpg\",\"datePublished\":\"2025-09-24T22:23:49+00:00\",\"dateModified\":\"2026-04-14T17:12:40+00:00\",\"breadcrumb\":{\"@id\":\"https:\/\/fenicetek.com\/fr\/animal-de-compagnie\/cuoricino\/#breadcrumb\"},\"inLanguage\":\"fr-FR\",\"potentialAction\":[{\"@type\":\"ReadAction\",\"target\":[\"https:\/\/fenicetek.com\/fr\/animal-de-compagnie\/cuoricino\/\"]}]},{\"@type\":\"ImageObject\",\"inLanguage\":\"fr-FR\",\"@id\":\"https:\/\/fenicetek.com\/fr\/animal-de-compagnie\/cuoricino\/#primaryimage\",\"url\":\"https:\/\/fenicetek.com\/wp-content\/uploads\/2026\/04\/CUORICINO-BIANCO-FRONT-1.jpg\",\"contentUrl\":\"https:\/\/fenicetek.com\/wp-content\/uploads\/2026\/04\/CUORICINO-BIANCO-FRONT-1.jpg\",\"width\":1250,\"height\":1250},{\"@type\":\"BreadcrumbList\",\"@id\":\"https:\/\/fenicetek.com\/fr\/animal-de-compagnie\/cuoricino\/#breadcrumb\",\"itemListElement\":[{\"@type\":\"ListItem\",\"position\":1,\"name\":\"Accueil\",\"item\":\"https:\/\/fenicetek.com\/fr\/\"},{\"@type\":\"ListItem\",\"position\":2,\"name\":\"Boutique\",\"item\":\"https:\/\/fenicetek.com\/fr\/boutique\/\"},{\"@type\":\"ListItem\",\"position\":3,\"name\":\"CUORICINO pour animaux\"}]},{\"@type\":\"WebSite\",\"@id\":\"https:\/\/fenicetek.com\/fr\/#website\",\"url\":\"https:\/\/fenicetek.com\/fr\/\",\"name\":\"Fenicetek\",\"description\":\"Ceramic Funeral Urn Design\",\"publisher\":{\"@id\":\"https:\/\/fenicetek.com\/fr\/#organization\"},\"potentialAction\":[{\"@type\":\"SearchAction\",\"target\":{\"@type\":\"EntryPoint\",\"urlTemplate\":\"https:\/\/fenicetek.com\/fr\/?s={search_term_string}\"},\"query-input\":{\"@type\":\"PropertyValueSpecification\",\"valueRequired\":true,\"valueName\":\"search_term_string\"}}],\"inLanguage\":\"fr-FR\"},{\"@type\":\"Organization\",\"@id\":\"https:\/\/fenicetek.com\/fr\/#organization\",\"name\":\"Fenicetek\",\"url\":\"https:\/\/fenicetek.com\/fr\/\",\"logo\":{\"@type\":\"ImageObject\",\"inLanguage\":\"fr-FR\",\"@id\":\"https:\/\/fenicetek.com\/fr\/#\/schema\/logo\/image\/\",\"url\":\"https:\/\/fenicetek.com\/wp-content\/uploads\/2025\/09\/logo-chat-ecommerce1.jpg\",\"contentUrl\":\"https:\/\/fenicetek.com\/wp-content\/uploads\/2025\/09\/logo-chat-ecommerce1.jpg\",\"width\":661,\"height\":661,\"caption\":\"Fenicetek\"},\"image\":{\"@id\":\"https:\/\/fenicetek.com\/fr\/#\/schema\/logo\/image\/\"}}]}<\/script>\n<!-- \/ Yoast SEO plugin. -->","yoast_head_json":{"title":"CUORICINO pour animaux - Fenicetek","robots":{"index":"index","follow":"follow","max-snippet":"max-snippet:-1","max-image-preview":"max-image-preview:large","max-video-preview":"max-video-preview:-1"},"canonical":"https:\/\/fenicetek.com\/fr\/animal-de-compagnie\/cuoricino\/","og_locale":"fr_FR","og_type":"article","og_title":"CUORICINO pour animaux - Fenicetek","og_description":"Cette urne fun\u00e9raire pour animaux en forme de c\u0153ur est d\u00e9licatement con\u00e7ue pour accueillir les cendres d\u2019un compagnon fid\u00e8le, offrant un hommage tendre et respectueux \u00e0 une vie tant aim\u00e9e. Orn\u00e9e d\u2019un d\u00e9tail de patte raffin\u00e9, disponible en version grav\u00e9e ou lamin\u00e9e \u00e0 l\u2019or 18 carats, elle allie profondeur \u00e9motionnelle et savoir-faire artisanal. Sa capacit\u00e9 convient aux cendres d\u2019un animal pesant environ 0 \u00e0 35 kg (0 \u00e0 77 lb) avant cr\u00e9mation. \u00c9l\u00e9gante et discr\u00e8te, elle est cr\u00e9\u00e9e pour pr\u00e9server un souvenir pr\u00e9cieux avec gr\u00e2ce et dignit\u00e9.","og_url":"https:\/\/fenicetek.com\/fr\/animal-de-compagnie\/cuoricino\/","og_site_name":"Fenicetek","article_modified_time":"2026-04-14T17:12:40+00:00","og_image":[{"width":1250,"height":1250,"url":"https:\/\/fenicetek.com\/wp-content\/uploads\/2026\/04\/CUORICINO-BIANCO-FRONT-1.jpg","type":"image\/jpeg"}],"twitter_card":"summary_large_image","schema":{"@context":"https:\/\/schema.org","@graph":[{"@type":"WebPage","@id":"https:\/\/fenicetek.com\/fr\/animal-de-compagnie\/cuoricino\/","url":"https:\/\/fenicetek.com\/fr\/animal-de-compagnie\/cuoricino\/","name":"CUORICINO pour animaux - Fenicetek","isPartOf":{"@id":"https:\/\/fenicetek.com\/fr\/#website"},"primaryImageOfPage":{"@id":"https:\/\/fenicetek.com\/fr\/animal-de-compagnie\/cuoricino\/#primaryimage"},"image":{"@id":"https:\/\/fenicetek.com\/fr\/animal-de-compagnie\/cuoricino\/#primaryimage"},"thumbnailUrl":"https:\/\/fenicetek.com\/wp-content\/uploads\/2026\/04\/CUORICINO-BIANCO-FRONT-1.jpg","datePublished":"2025-09-24T22:23:49+00:00","dateModified":"2026-04-14T17:12:40+00:00","breadcrumb":{"@id":"https:\/\/fenicetek.com\/fr\/animal-de-compagnie\/cuoricino\/#breadcrumb"},"inLanguage":"fr-FR","potentialAction":[{"@type":"ReadAction","target":["https:\/\/fenicetek.com\/fr\/animal-de-compagnie\/cuoricino\/"]}]},{"@type":"ImageObject","inLanguage":"fr-FR","@id":"https:\/\/fenicetek.com\/fr\/animal-de-compagnie\/cuoricino\/#primaryimage","url":"https:\/\/fenicetek.com\/wp-content\/uploads\/2026\/04\/CUORICINO-BIANCO-FRONT-1.jpg","contentUrl":"https:\/\/fenicetek.com\/wp-content\/uploads\/2026\/04\/CUORICINO-BIANCO-FRONT-1.jpg","width":1250,"height":1250},{"@type":"BreadcrumbList","@id":"https:\/\/fenicetek.com\/fr\/animal-de-compagnie\/cuoricino\/#breadcrumb","itemListElement":[{"@type":"ListItem","position":1,"name":"Accueil","item":"https:\/\/fenicetek.com\/fr\/"},{"@type":"ListItem","position":2,"name":"Boutique","item":"https:\/\/fenicetek.com\/fr\/boutique\/"},{"@type":"ListItem","position":3,"name":"CUORICINO pour animaux"}]},{"@type":"WebSite","@id":"https:\/\/fenicetek.com\/fr\/#website","url":"https:\/\/fenicetek.com\/fr\/","name":"Fenicetek","description":"Ceramic Funeral Urn Design","publisher":{"@id":"https:\/\/fenicetek.com\/fr\/#organization"},"potentialAction":[{"@type":"SearchAction","target":{"@type":"EntryPoint","urlTemplate":"https:\/\/fenicetek.com\/fr\/?s={search_term_string}"},"query-input":{"@type":"PropertyValueSpecification","valueRequired":true,"valueName":"search_term_string"}}],"inLanguage":"fr-FR"},{"@type":"Organization","@id":"https:\/\/fenicetek.com\/fr\/#organization","name":"Fenicetek","url":"https:\/\/fenicetek.com\/fr\/","logo":{"@type":"ImageObject","inLanguage":"fr-FR","@id":"https:\/\/fenicetek.com\/fr\/#\/schema\/logo\/image\/","url":"https:\/\/fenicetek.com\/wp-content\/uploads\/2025\/09\/logo-chat-ecommerce1.jpg","contentUrl":"https:\/\/fenicetek.com\/wp-content\/uploads\/2025\/09\/logo-chat-ecommerce1.jpg","width":661,"height":661,"caption":"Fenicetek"},"image":{"@id":"https:\/\/fenicetek.com\/fr\/#\/schema\/logo\/image\/"}}]}},"_links":{"self":[{"href":"https:\/\/fenicetek.com\/fr\/wp-json\/wp\/v2\/product\/38566","targetHints":{"allow":["GET"]}}],"collection":[{"href":"https:\/\/fenicetek.com\/fr\/wp-json\/wp\/v2\/product"}],"about":[{"href":"https:\/\/fenicetek.com\/fr\/wp-json\/wp\/v2\/types\/product"}],"replies":[{"embeddable":true,"href":"https:\/\/fenicetek.com\/fr\/wp-json\/wp\/v2\/comments?post=38566"}],"wp:featuredmedia":[{"embeddable":true,"href":"https:\/\/fenicetek.com\/fr\/wp-json\/wp\/v2\/media\/43910"}],"wp:attachment":[{"href":"https:\/\/fenicetek.com\/fr\/wp-json\/wp\/v2\/media?parent=38566"}],"wp:term":[{"taxonomy":"product_cat","embeddable":true,"href":"https:\/\/fenicetek.com\/fr\/wp-json\/wp\/v2\/product_cat?post=38566"},{"taxonomy":"product_tag","embeddable":true,"href":"https:\/\/fenicetek.com\/fr\/wp-json\/wp\/v2\/product_tag?post=38566"}],"curies":[{"name":"wp","href":"https:\/\/api.w.org\/{rel}","templated":true}]}}