{"id":43946,"date":"2026-04-14T19:16:50","date_gmt":"2026-04-14T17:16:50","guid":{"rendered":"https:\/\/fenicetek.com\/?post_type=product&#038;p=43946"},"modified":"2026-04-14T19:41:39","modified_gmt":"2026-04-14T17:41:39","slug":"natura-pequena-copy","status":"publish","type":"product","link":"https:\/\/fenicetek.com\/es\/keepsakes\/natura-pequena-copy\/","title":{"rendered":"CUORICINO SMALL"},"content":{"rendered":"<p><span class=\"OYPEnA font-feature-liga-off font-feature-clig-off font-feature-calt-off text-decoration-none text-strikethrough-none\">Acabado: <strong>Cer\u00e1mica tradicional<\/strong>&#8211;<strong> Ecogrestek<\/strong><\/span><\/p>\n<p><span class=\"OYPEnA font-feature-liga-off font-feature-clig-off font-feature-calt-off text-decoration-none text-strikethrough-none\">Material: <strong>Cer\u00e1mica<\/strong><\/span><\/p>\n<p><span class=\"OYPEnA font-feature-liga-off font-feature-clig-off font-feature-calt-off text-decoration-none text-strikethrough-none\">Dimensiones (cm): <strong>9 x 9 x 9 h<\/strong><\/span><\/p>\n<p><span class=\"OYPEnA font-feature-liga-off font-feature-clig-off font-feature-calt-off text-decoration-none text-strikethrough-none\">Dimensiones (in): <strong>3,5 x 3,5 x 3,5 in<\/strong><\/span><\/p>\n<p><span class=\"OYPEnA font-feature-liga-off font-feature-clig-off font-feature-calt-off text-decoration-none text-strikethrough-none\">Volumen: <strong>350 ml<\/strong><\/span><strong> <span class=\"OYPEnA font-feature-liga-off font-feature-clig-off font-feature-calt-off text-decoration-none text-strikethrough-none\">|<\/span> <span class=\"OYPEnA font-feature-liga-off font-feature-clig-off font-feature-calt-off text-decoration-none text-strikethrough-none\">21 cu in<\/span><\/strong><\/p>\n","protected":false},"excerpt":{"rendered":"<p>Esta urna memorial Cuoricino con forma de coraz\u00f3n se define por su forma limpia y esencial, cuidadosamente dise\u00f1ada para expresar una elegancia serena y un equilibrio atemporal. Libre de simbolismo espec\u00edfico, ofrece un homenaje vers\u00e1til y discreto, adecuado para distintas formas de recuerdo. Su capacidad es adecuada para restos cremados correspondientes a un peso corporal de hasta aproximadamente 16 kg (35 lb) antes de la cremaci\u00f3n, o para su uso como urna de recuerdo para conservar una porci\u00f3n m\u00e1s peque\u00f1a de cenizas.  <\/p>\n","protected":false},"featured_media":44067,"comment_status":"closed","ping_status":"closed","template":"","meta":[],"product_cat":[244,263],"product_tag":[],"class_list":{"0":"post-43946","1":"product","2":"type-product","3":"status-publish","4":"has-post-thumbnail","6":"product_cat-keepsakes","7":"product_cat-mascota","9":"first","10":"onbackorder","11":"taxable","12":"shipping-taxable","13":"product-type-variable"},"yoast_head":"<!-- This site is optimized with the Yoast SEO plugin v27.2 - https:\/\/yoast.com\/product\/yoast-seo-wordpress\/ -->\n<title>CUORICINO SMALL - Fenicetek<\/title>\n<meta name=\"robots\" content=\"index, follow, max-snippet:-1, max-image-preview:large, max-video-preview:-1\" \/>\n<link rel=\"canonical\" href=\"https:\/\/fenicetek.com\/es\/keepsakes\/natura-pequena-copy\/\" \/>\n<script type=\"application\/ld+json\" class=\"yoast-schema-graph\">{\"@context\":\"https:\/\/schema.org\",\"@graph\":[{\"@type\":\"BreadcrumbList\",\"@id\":\"https:\/\/fenicetek.com\/es\/keepsakes\/natura-pequena-copy\/#breadcrumb\",\"itemListElement\":[{\"@type\":\"ListItem\",\"position\":1,\"name\":\"Inicio\",\"item\":\"https:\/\/fenicetek.com\/es\/\"},{\"@type\":\"ListItem\",\"position\":2,\"name\":\"Tienda\",\"item\":\"https:\/\/fenicetek.com\/shop\/\"},{\"@type\":\"ListItem\",\"position\":3,\"name\":\"CUORICINO SMALL\"}]}]}<\/script>\n<!-- \/ Yoast SEO plugin. -->","yoast_head_json":{"title":"CUORICINO SMALL - Fenicetek","robots":{"index":"index","follow":"follow","max-snippet":"max-snippet:-1","max-image-preview":"max-image-preview:large","max-video-preview":"max-video-preview:-1"},"canonical":"https:\/\/fenicetek.com\/es\/keepsakes\/natura-pequena-copy\/","schema":{"@context":"https:\/\/schema.org","@graph":[{"@type":"BreadcrumbList","@id":"https:\/\/fenicetek.com\/es\/keepsakes\/natura-pequena-copy\/#breadcrumb","itemListElement":[{"@type":"ListItem","position":1,"name":"Inicio","item":"https:\/\/fenicetek.com\/es\/"},{"@type":"ListItem","position":2,"name":"Tienda","item":"https:\/\/fenicetek.com\/shop\/"},{"@type":"ListItem","position":3,"name":"CUORICINO SMALL"}]}]}},"_links":{"self":[{"href":"https:\/\/fenicetek.com\/es\/wp-json\/wp\/v2\/product\/43946","targetHints":{"allow":["GET"]}}],"collection":[{"href":"https:\/\/fenicetek.com\/es\/wp-json\/wp\/v2\/product"}],"about":[{"href":"https:\/\/fenicetek.com\/es\/wp-json\/wp\/v2\/types\/product"}],"replies":[{"embeddable":true,"href":"https:\/\/fenicetek.com\/es\/wp-json\/wp\/v2\/comments?post=43946"}],"wp:featuredmedia":[{"embeddable":true,"href":"https:\/\/fenicetek.com\/es\/wp-json\/wp\/v2\/media\/44067"}],"wp:attachment":[{"href":"https:\/\/fenicetek.com\/es\/wp-json\/wp\/v2\/media?parent=43946"}],"wp:term":[{"taxonomy":"product_cat","embeddable":true,"href":"https:\/\/fenicetek.com\/es\/wp-json\/wp\/v2\/product_cat?post=43946"},{"taxonomy":"product_tag","embeddable":true,"href":"https:\/\/fenicetek.com\/es\/wp-json\/wp\/v2\/product_tag?post=43946"}],"curies":[{"name":"wp","href":"https:\/\/api.w.org\/{rel}","templated":true}]}}