{"id":39910,"date":"2026-01-12T12:59:38","date_gmt":"2026-01-12T11:59:38","guid":{"rendered":"https:\/\/fenicetek.com\/?post_type=product&#038;p=39910"},"modified":"2026-04-14T18:42:00","modified_gmt":"2026-04-14T16:42:00","slug":"recuerdos-de-seda-copy","status":"publish","type":"product","link":"https:\/\/fenicetek.com\/es\/keepsakes\/fluvia\/","title":{"rendered":"FLUVIA KEEPSAKES"},"content":{"rendered":"<p><span class=\"OYPEnA font-feature-liga-off font-feature-clig-off font-feature-calt-off text-decoration-none text-strikethrough-none\">Acabado: <strong>Cer\u00e1mica tradicional<\/strong>&#8211;<strong> Ecogrestek<\/strong><\/span><\/p>\n<p><span class=\"OYPEnA font-feature-liga-off font-feature-clig-off font-feature-calt-off text-decoration-none text-strikethrough-none\">Material: <strong>Cer\u00e1mica<\/strong><\/span><\/p>\n<p><span class=\"OYPEnA font-feature-liga-off font-feature-clig-off font-feature-calt-off text-decoration-none text-strikethrough-none\">Dimensiones (cm): <strong>9 x 9 x 9 h<\/strong><\/span><\/p>\n<p><span class=\"OYPEnA font-feature-liga-off font-feature-clig-off font-feature-calt-off text-decoration-none text-strikethrough-none\">Dimensiones (in): <strong>3,5 x 3,5 x 3,5 in<\/strong><\/span><\/p>\n<p><span class=\"OYPEnA font-feature-liga-off font-feature-clig-off font-feature-calt-off text-decoration-none text-strikethrough-none\">Volumen: <strong>350 ml<\/strong><\/span><strong> <span class=\"OYPEnA font-feature-liga-off font-feature-clig-off font-feature-calt-off text-decoration-none text-strikethrough-none\">|<\/span> <span class=\"OYPEnA font-feature-liga-off font-feature-clig-off font-feature-calt-off text-decoration-none text-strikethrough-none\">21 cu in<\/span><\/strong><\/p>\n","protected":false},"excerpt":{"rendered":"<p><span class=\"OYPEnA font-feature-liga-off font-feature-clig-off font-feature-calt-off text-decoration-none text-strikethrough-none\" style=\"color: #000000;\">Acabado: <strong>Esmalte + Barniz Platino<\/strong><\/span><\/p>\n<p><span class=\"OYPEnA font-feature-liga-off font-feature-clig-off font-feature-calt-off text-decoration-none text-strikethrough-none\" style=\"color: #000000;\">Material: <strong>Cer\u00e1mica<\/strong><\/span><\/p>\n<p><span class=\"OYPEnA font-feature-liga-off font-feature-clig-off font-feature-calt-off text-decoration-none text-strikethrough-none\" style=\"color: #000000;\">Dimensi\u00f3n (cm): <strong>7 x 7 x 9 h<\/strong><\/span><\/p>\n<p><span class=\"OYPEnA font-feature-liga-off font-feature-clig-off font-feature-calt-off text-decoration-none text-strikethrough-none\" style=\"color: #000000;\">Dimensi\u00f3n (in): <strong>2,7 x 2,7 x 3,5 in<\/strong><\/span><\/p>\n<p><span style=\"color: #000000;\"><span class=\"OYPEnA font-feature-liga-off font-feature-clig-off font-feature-calt-off text-decoration-none text-strikethrough-none\">Volumen: <strong>180 ml<\/strong><\/span><strong> &#8211; <span class=\"OYPEnA font-feature-liga-off font-feature-clig-off font-feature-calt-off text-decoration-none text-strikethrough-none\">11 cu in<\/span><\/strong><\/span><\/p>\n<p><span style=\"color: #cf1d1d;\"><strong>**Este producto se vende exclusivamente en cajas de 12 unidades. <\/strong><\/span><span style=\"color: #cf1d1d;\"><strong>Por favor, seleccione una cantidad m\u00ednima de 12 o m\u00faltiplos de 12.<\/strong><\/span><\/p>\n","protected":false},"featured_media":33262,"comment_status":"closed","ping_status":"closed","template":"","meta":[],"product_cat":[244],"product_tag":[],"class_list":{"0":"post-39910","1":"product","2":"type-product","3":"status-publish","4":"has-post-thumbnail","6":"product_cat-keepsakes","8":"first","9":"onbackorder","10":"taxable","11":"shipping-taxable","12":"product-type-variable"},"yoast_head":"<!-- This site is optimized with the Yoast SEO plugin v27.2 - https:\/\/yoast.com\/product\/yoast-seo-wordpress\/ -->\n<title>FLUVIA KEEPSAKES - Fenicetek<\/title>\n<meta name=\"robots\" content=\"index, follow, max-snippet:-1, max-image-preview:large, max-video-preview:-1\" \/>\n<link rel=\"canonical\" href=\"https:\/\/fenicetek.com\/es\/keepsakes\/fluvia\/\" \/>\n<meta property=\"og:locale\" content=\"es_ES\" \/>\n<meta property=\"og:type\" content=\"article\" \/>\n<meta property=\"og:title\" content=\"FLUVIA KEEPSAKES - Fenicetek\" \/>\n<meta property=\"og:description\" content=\"Acabado: Esmalte + Barniz Platino Material: Cer\u00e1mica Dimensi\u00f3n (cm): 7 x 7 x 9 h Dimensi\u00f3n (in): 2,7 x 2,7 x 3,5 in Volumen: 180 ml - 11 cu in **Este producto se vende exclusivamente en cajas de 12 unidades. Por favor, seleccione una cantidad m\u00ednima de 12 o m\u00faltiplos de 12.\" \/>\n<meta property=\"og:url\" content=\"https:\/\/fenicetek.com\/es\/keepsakes\/fluvia\/\" \/>\n<meta property=\"og:site_name\" content=\"Fenicetek\" \/>\n<meta property=\"article:modified_time\" content=\"2026-04-14T16:42:00+00:00\" \/>\n<meta property=\"og:image\" content=\"https:\/\/fenicetek.com\/wp-content\/uploads\/2026\/01\/FLUVIA-KEEPSAKE-BIANCA-FRONT.jpg\" \/>\n\t<meta property=\"og:image:width\" content=\"2500\" \/>\n\t<meta property=\"og:image:height\" content=\"2500\" \/>\n\t<meta property=\"og:image:type\" content=\"image\/jpeg\" \/>\n<meta name=\"twitter:card\" content=\"summary_large_image\" \/>\n<script type=\"application\/ld+json\" class=\"yoast-schema-graph\">{\"@context\":\"https:\/\/schema.org\",\"@graph\":[{\"@type\":\"WebPage\",\"@id\":\"https:\/\/fenicetek.com\/es\/keepsakes\/fluvia\/\",\"url\":\"https:\/\/fenicetek.com\/es\/keepsakes\/fluvia\/\",\"name\":\"FLUVIA KEEPSAKES - Fenicetek\",\"isPartOf\":{\"@id\":\"https:\/\/fenicetek.com\/es\/#website\"},\"primaryImageOfPage\":{\"@id\":\"https:\/\/fenicetek.com\/es\/keepsakes\/fluvia\/#primaryimage\"},\"image\":{\"@id\":\"https:\/\/fenicetek.com\/es\/keepsakes\/fluvia\/#primaryimage\"},\"thumbnailUrl\":\"https:\/\/fenicetek.com\/wp-content\/uploads\/2026\/01\/FLUVIA-KEEPSAKE-BIANCA-FRONT.jpg\",\"datePublished\":\"2026-01-12T11:59:38+00:00\",\"dateModified\":\"2026-04-14T16:42:00+00:00\",\"breadcrumb\":{\"@id\":\"https:\/\/fenicetek.com\/es\/keepsakes\/fluvia\/#breadcrumb\"},\"inLanguage\":\"es\",\"potentialAction\":[{\"@type\":\"ReadAction\",\"target\":[\"https:\/\/fenicetek.com\/es\/keepsakes\/fluvia\/\"]}]},{\"@type\":\"ImageObject\",\"inLanguage\":\"es\",\"@id\":\"https:\/\/fenicetek.com\/es\/keepsakes\/fluvia\/#primaryimage\",\"url\":\"https:\/\/fenicetek.com\/wp-content\/uploads\/2026\/01\/FLUVIA-KEEPSAKE-BIANCA-FRONT.jpg\",\"contentUrl\":\"https:\/\/fenicetek.com\/wp-content\/uploads\/2026\/01\/FLUVIA-KEEPSAKE-BIANCA-FRONT.jpg\",\"width\":2500,\"height\":2500},{\"@type\":\"BreadcrumbList\",\"@id\":\"https:\/\/fenicetek.com\/es\/keepsakes\/fluvia\/#breadcrumb\",\"itemListElement\":[{\"@type\":\"ListItem\",\"position\":1,\"name\":\"Inicio\",\"item\":\"https:\/\/fenicetek.com\/es\/\"},{\"@type\":\"ListItem\",\"position\":2,\"name\":\"Tienda\",\"item\":\"https:\/\/fenicetek.com\/es\/tienda\/\"},{\"@type\":\"ListItem\",\"position\":3,\"name\":\"FLUVIA KEEPSAKES\"}]},{\"@type\":\"WebSite\",\"@id\":\"https:\/\/fenicetek.com\/es\/#website\",\"url\":\"https:\/\/fenicetek.com\/es\/\",\"name\":\"Fenicetek\",\"description\":\"Ceramic Funeral Urn Design\",\"publisher\":{\"@id\":\"https:\/\/fenicetek.com\/es\/#organization\"},\"potentialAction\":[{\"@type\":\"SearchAction\",\"target\":{\"@type\":\"EntryPoint\",\"urlTemplate\":\"https:\/\/fenicetek.com\/es\/?s={search_term_string}\"},\"query-input\":{\"@type\":\"PropertyValueSpecification\",\"valueRequired\":true,\"valueName\":\"search_term_string\"}}],\"inLanguage\":\"es\"},{\"@type\":\"Organization\",\"@id\":\"https:\/\/fenicetek.com\/es\/#organization\",\"name\":\"Fenicetek\",\"url\":\"https:\/\/fenicetek.com\/es\/\",\"logo\":{\"@type\":\"ImageObject\",\"inLanguage\":\"es\",\"@id\":\"https:\/\/fenicetek.com\/es\/#\/schema\/logo\/image\/\",\"url\":\"https:\/\/fenicetek.com\/wp-content\/uploads\/2025\/09\/logo-chat-ecommerce1.jpg\",\"contentUrl\":\"https:\/\/fenicetek.com\/wp-content\/uploads\/2025\/09\/logo-chat-ecommerce1.jpg\",\"width\":661,\"height\":661,\"caption\":\"Fenicetek\"},\"image\":{\"@id\":\"https:\/\/fenicetek.com\/es\/#\/schema\/logo\/image\/\"}}]}<\/script>\n<!-- \/ Yoast SEO plugin. -->","yoast_head_json":{"title":"FLUVIA KEEPSAKES - Fenicetek","robots":{"index":"index","follow":"follow","max-snippet":"max-snippet:-1","max-image-preview":"max-image-preview:large","max-video-preview":"max-video-preview:-1"},"canonical":"https:\/\/fenicetek.com\/es\/keepsakes\/fluvia\/","og_locale":"es_ES","og_type":"article","og_title":"FLUVIA KEEPSAKES - Fenicetek","og_description":"Acabado: Esmalte + Barniz Platino Material: Cer\u00e1mica Dimensi\u00f3n (cm): 7 x 7 x 9 h Dimensi\u00f3n (in): 2,7 x 2,7 x 3,5 in Volumen: 180 ml - 11 cu in **Este producto se vende exclusivamente en cajas de 12 unidades. Por favor, seleccione una cantidad m\u00ednima de 12 o m\u00faltiplos de 12.","og_url":"https:\/\/fenicetek.com\/es\/keepsakes\/fluvia\/","og_site_name":"Fenicetek","article_modified_time":"2026-04-14T16:42:00+00:00","og_image":[{"width":2500,"height":2500,"url":"https:\/\/fenicetek.com\/wp-content\/uploads\/2026\/01\/FLUVIA-KEEPSAKE-BIANCA-FRONT.jpg","type":"image\/jpeg"}],"twitter_card":"summary_large_image","schema":{"@context":"https:\/\/schema.org","@graph":[{"@type":"WebPage","@id":"https:\/\/fenicetek.com\/es\/keepsakes\/fluvia\/","url":"https:\/\/fenicetek.com\/es\/keepsakes\/fluvia\/","name":"FLUVIA KEEPSAKES - Fenicetek","isPartOf":{"@id":"https:\/\/fenicetek.com\/es\/#website"},"primaryImageOfPage":{"@id":"https:\/\/fenicetek.com\/es\/keepsakes\/fluvia\/#primaryimage"},"image":{"@id":"https:\/\/fenicetek.com\/es\/keepsakes\/fluvia\/#primaryimage"},"thumbnailUrl":"https:\/\/fenicetek.com\/wp-content\/uploads\/2026\/01\/FLUVIA-KEEPSAKE-BIANCA-FRONT.jpg","datePublished":"2026-01-12T11:59:38+00:00","dateModified":"2026-04-14T16:42:00+00:00","breadcrumb":{"@id":"https:\/\/fenicetek.com\/es\/keepsakes\/fluvia\/#breadcrumb"},"inLanguage":"es","potentialAction":[{"@type":"ReadAction","target":["https:\/\/fenicetek.com\/es\/keepsakes\/fluvia\/"]}]},{"@type":"ImageObject","inLanguage":"es","@id":"https:\/\/fenicetek.com\/es\/keepsakes\/fluvia\/#primaryimage","url":"https:\/\/fenicetek.com\/wp-content\/uploads\/2026\/01\/FLUVIA-KEEPSAKE-BIANCA-FRONT.jpg","contentUrl":"https:\/\/fenicetek.com\/wp-content\/uploads\/2026\/01\/FLUVIA-KEEPSAKE-BIANCA-FRONT.jpg","width":2500,"height":2500},{"@type":"BreadcrumbList","@id":"https:\/\/fenicetek.com\/es\/keepsakes\/fluvia\/#breadcrumb","itemListElement":[{"@type":"ListItem","position":1,"name":"Inicio","item":"https:\/\/fenicetek.com\/es\/"},{"@type":"ListItem","position":2,"name":"Tienda","item":"https:\/\/fenicetek.com\/es\/tienda\/"},{"@type":"ListItem","position":3,"name":"FLUVIA KEEPSAKES"}]},{"@type":"WebSite","@id":"https:\/\/fenicetek.com\/es\/#website","url":"https:\/\/fenicetek.com\/es\/","name":"Fenicetek","description":"Ceramic Funeral Urn Design","publisher":{"@id":"https:\/\/fenicetek.com\/es\/#organization"},"potentialAction":[{"@type":"SearchAction","target":{"@type":"EntryPoint","urlTemplate":"https:\/\/fenicetek.com\/es\/?s={search_term_string}"},"query-input":{"@type":"PropertyValueSpecification","valueRequired":true,"valueName":"search_term_string"}}],"inLanguage":"es"},{"@type":"Organization","@id":"https:\/\/fenicetek.com\/es\/#organization","name":"Fenicetek","url":"https:\/\/fenicetek.com\/es\/","logo":{"@type":"ImageObject","inLanguage":"es","@id":"https:\/\/fenicetek.com\/es\/#\/schema\/logo\/image\/","url":"https:\/\/fenicetek.com\/wp-content\/uploads\/2025\/09\/logo-chat-ecommerce1.jpg","contentUrl":"https:\/\/fenicetek.com\/wp-content\/uploads\/2025\/09\/logo-chat-ecommerce1.jpg","width":661,"height":661,"caption":"Fenicetek"},"image":{"@id":"https:\/\/fenicetek.com\/es\/#\/schema\/logo\/image\/"}}]}},"_links":{"self":[{"href":"https:\/\/fenicetek.com\/es\/wp-json\/wp\/v2\/product\/39910","targetHints":{"allow":["GET"]}}],"collection":[{"href":"https:\/\/fenicetek.com\/es\/wp-json\/wp\/v2\/product"}],"about":[{"href":"https:\/\/fenicetek.com\/es\/wp-json\/wp\/v2\/types\/product"}],"replies":[{"embeddable":true,"href":"https:\/\/fenicetek.com\/es\/wp-json\/wp\/v2\/comments?post=39910"}],"wp:featuredmedia":[{"embeddable":true,"href":"https:\/\/fenicetek.com\/es\/wp-json\/wp\/v2\/media\/33262"}],"wp:attachment":[{"href":"https:\/\/fenicetek.com\/es\/wp-json\/wp\/v2\/media?parent=39910"}],"wp:term":[{"taxonomy":"product_cat","embeddable":true,"href":"https:\/\/fenicetek.com\/es\/wp-json\/wp\/v2\/product_cat?post=39910"},{"taxonomy":"product_tag","embeddable":true,"href":"https:\/\/fenicetek.com\/es\/wp-json\/wp\/v2\/product_tag?post=39910"}],"curies":[{"name":"wp","href":"https:\/\/api.w.org\/{rel}","templated":true}]}}