{"id":38580,"date":"2025-09-25T00:23:49","date_gmt":"2025-09-24T22:23:49","guid":{"rendered":"https:\/\/fenicetek.com\/prodotto\/cuoricino\/"},"modified":"2026-04-14T19:13:54","modified_gmt":"2026-04-14T17:13:54","slug":"cuoricino","status":"publish","type":"product","link":"https:\/\/fenicetek.com\/es\/mascota\/cuoricino\/","title":{"rendered":"CUORICINO PET"},"content":{"rendered":"","protected":false},"excerpt":{"rendered":"<p>Esta urna conmemorativa para mascotas con forma de coraz\u00f3n est\u00e1 cuidadosamente dise\u00f1ada para contener las cenizas de un compa\u00f1ero querido, ofreciendo un homenaje tierno y respetuoso a una vida profundamente amada. Con un delicado detalle de pata, disponible grabado o laminado en oro de 18k, combina significado emocional con artesan\u00eda refinada. Su capacidad es adecuada para restos cremados correspondientes a un peso corporal de aproximadamente 0\u201335 kg (0\u201377 lb) antes de la cremaci\u00f3n. Elegante y discreta, ha sido creada para preservar un recuerdo precioso con gracia y dignidad.   <\/p>\n","protected":false},"featured_media":43909,"comment_status":"closed","ping_status":"closed","template":"","meta":[],"product_cat":[263],"product_tag":[],"class_list":{"0":"post-38580","1":"product","2":"type-product","3":"status-publish","4":"has-post-thumbnail","6":"product_cat-mascota","8":"first","9":"onbackorder","10":"taxable","11":"shipping-taxable","12":"product-type-variable"},"yoast_head":"<!-- This site is optimized with the Yoast SEO plugin v27.2 - https:\/\/yoast.com\/product\/yoast-seo-wordpress\/ -->\n<title>CUORICINO PET - Fenicetek<\/title>\n<meta name=\"robots\" content=\"index, follow, max-snippet:-1, max-image-preview:large, max-video-preview:-1\" \/>\n<link rel=\"canonical\" href=\"https:\/\/fenicetek.com\/es\/mascota\/cuoricino\/\" \/>\n<meta property=\"og:locale\" content=\"es_ES\" \/>\n<meta property=\"og:type\" content=\"article\" \/>\n<meta property=\"og:title\" content=\"CUORICINO PET - Fenicetek\" \/>\n<meta property=\"og:description\" content=\"Esta urna conmemorativa para mascotas con forma de coraz\u00f3n est\u00e1 cuidadosamente dise\u00f1ada para contener las cenizas de un compa\u00f1ero querido, ofreciendo un homenaje tierno y respetuoso a una vida profundamente amada. Con un delicado detalle de pata, disponible grabado o laminado en oro de 18k, combina significado emocional con artesan\u00eda refinada. Su capacidad es adecuada para restos cremados correspondientes a un peso corporal de aproximadamente 0\u201335 kg (0\u201377 lb) antes de la cremaci\u00f3n. Elegante y discreta, ha sido creada para preservar un recuerdo precioso con gracia y dignidad.\" \/>\n<meta property=\"og:url\" content=\"https:\/\/fenicetek.com\/es\/mascota\/cuoricino\/\" \/>\n<meta property=\"og:site_name\" content=\"Fenicetek\" \/>\n<meta property=\"article:modified_time\" content=\"2026-04-14T17:13:54+00:00\" \/>\n<meta property=\"og:image\" content=\"https:\/\/fenicetek.com\/wp-content\/uploads\/2026\/04\/CUORICINO-BIANCO-FRONT-1.jpg\" \/>\n\t<meta property=\"og:image:width\" content=\"1250\" \/>\n\t<meta property=\"og:image:height\" content=\"1250\" \/>\n\t<meta property=\"og:image:type\" content=\"image\/jpeg\" \/>\n<meta name=\"twitter:card\" content=\"summary_large_image\" \/>\n<script type=\"application\/ld+json\" class=\"yoast-schema-graph\">{\"@context\":\"https:\/\/schema.org\",\"@graph\":[{\"@type\":\"WebPage\",\"@id\":\"https:\/\/fenicetek.com\/es\/mascota\/cuoricino\/\",\"url\":\"https:\/\/fenicetek.com\/es\/mascota\/cuoricino\/\",\"name\":\"CUORICINO PET - Fenicetek\",\"isPartOf\":{\"@id\":\"https:\/\/fenicetek.com\/es\/#website\"},\"primaryImageOfPage\":{\"@id\":\"https:\/\/fenicetek.com\/es\/mascota\/cuoricino\/#primaryimage\"},\"image\":{\"@id\":\"https:\/\/fenicetek.com\/es\/mascota\/cuoricino\/#primaryimage\"},\"thumbnailUrl\":\"https:\/\/fenicetek.com\/wp-content\/uploads\/2026\/04\/CUORICINO-BIANCO-FRONT-1.jpg\",\"datePublished\":\"2025-09-24T22:23:49+00:00\",\"dateModified\":\"2026-04-14T17:13:54+00:00\",\"breadcrumb\":{\"@id\":\"https:\/\/fenicetek.com\/es\/mascota\/cuoricino\/#breadcrumb\"},\"inLanguage\":\"es\",\"potentialAction\":[{\"@type\":\"ReadAction\",\"target\":[\"https:\/\/fenicetek.com\/es\/mascota\/cuoricino\/\"]}]},{\"@type\":\"ImageObject\",\"inLanguage\":\"es\",\"@id\":\"https:\/\/fenicetek.com\/es\/mascota\/cuoricino\/#primaryimage\",\"url\":\"https:\/\/fenicetek.com\/wp-content\/uploads\/2026\/04\/CUORICINO-BIANCO-FRONT-1.jpg\",\"contentUrl\":\"https:\/\/fenicetek.com\/wp-content\/uploads\/2026\/04\/CUORICINO-BIANCO-FRONT-1.jpg\",\"width\":1250,\"height\":1250},{\"@type\":\"BreadcrumbList\",\"@id\":\"https:\/\/fenicetek.com\/es\/mascota\/cuoricino\/#breadcrumb\",\"itemListElement\":[{\"@type\":\"ListItem\",\"position\":1,\"name\":\"Inicio\",\"item\":\"https:\/\/fenicetek.com\/es\/\"},{\"@type\":\"ListItem\",\"position\":2,\"name\":\"Tienda\",\"item\":\"https:\/\/fenicetek.com\/es\/tienda\/\"},{\"@type\":\"ListItem\",\"position\":3,\"name\":\"CUORICINO PET\"}]},{\"@type\":\"WebSite\",\"@id\":\"https:\/\/fenicetek.com\/es\/#website\",\"url\":\"https:\/\/fenicetek.com\/es\/\",\"name\":\"Fenicetek\",\"description\":\"Ceramic Funeral Urn Design\",\"publisher\":{\"@id\":\"https:\/\/fenicetek.com\/es\/#organization\"},\"potentialAction\":[{\"@type\":\"SearchAction\",\"target\":{\"@type\":\"EntryPoint\",\"urlTemplate\":\"https:\/\/fenicetek.com\/es\/?s={search_term_string}\"},\"query-input\":{\"@type\":\"PropertyValueSpecification\",\"valueRequired\":true,\"valueName\":\"search_term_string\"}}],\"inLanguage\":\"es\"},{\"@type\":\"Organization\",\"@id\":\"https:\/\/fenicetek.com\/es\/#organization\",\"name\":\"Fenicetek\",\"url\":\"https:\/\/fenicetek.com\/es\/\",\"logo\":{\"@type\":\"ImageObject\",\"inLanguage\":\"es\",\"@id\":\"https:\/\/fenicetek.com\/es\/#\/schema\/logo\/image\/\",\"url\":\"https:\/\/fenicetek.com\/wp-content\/uploads\/2025\/09\/logo-chat-ecommerce1.jpg\",\"contentUrl\":\"https:\/\/fenicetek.com\/wp-content\/uploads\/2025\/09\/logo-chat-ecommerce1.jpg\",\"width\":661,\"height\":661,\"caption\":\"Fenicetek\"},\"image\":{\"@id\":\"https:\/\/fenicetek.com\/es\/#\/schema\/logo\/image\/\"}}]}<\/script>\n<!-- \/ Yoast SEO plugin. -->","yoast_head_json":{"title":"CUORICINO PET - Fenicetek","robots":{"index":"index","follow":"follow","max-snippet":"max-snippet:-1","max-image-preview":"max-image-preview:large","max-video-preview":"max-video-preview:-1"},"canonical":"https:\/\/fenicetek.com\/es\/mascota\/cuoricino\/","og_locale":"es_ES","og_type":"article","og_title":"CUORICINO PET - Fenicetek","og_description":"Esta urna conmemorativa para mascotas con forma de coraz\u00f3n est\u00e1 cuidadosamente dise\u00f1ada para contener las cenizas de un compa\u00f1ero querido, ofreciendo un homenaje tierno y respetuoso a una vida profundamente amada. Con un delicado detalle de pata, disponible grabado o laminado en oro de 18k, combina significado emocional con artesan\u00eda refinada. Su capacidad es adecuada para restos cremados correspondientes a un peso corporal de aproximadamente 0\u201335 kg (0\u201377 lb) antes de la cremaci\u00f3n. Elegante y discreta, ha sido creada para preservar un recuerdo precioso con gracia y dignidad.","og_url":"https:\/\/fenicetek.com\/es\/mascota\/cuoricino\/","og_site_name":"Fenicetek","article_modified_time":"2026-04-14T17:13:54+00:00","og_image":[{"width":1250,"height":1250,"url":"https:\/\/fenicetek.com\/wp-content\/uploads\/2026\/04\/CUORICINO-BIANCO-FRONT-1.jpg","type":"image\/jpeg"}],"twitter_card":"summary_large_image","schema":{"@context":"https:\/\/schema.org","@graph":[{"@type":"WebPage","@id":"https:\/\/fenicetek.com\/es\/mascota\/cuoricino\/","url":"https:\/\/fenicetek.com\/es\/mascota\/cuoricino\/","name":"CUORICINO PET - Fenicetek","isPartOf":{"@id":"https:\/\/fenicetek.com\/es\/#website"},"primaryImageOfPage":{"@id":"https:\/\/fenicetek.com\/es\/mascota\/cuoricino\/#primaryimage"},"image":{"@id":"https:\/\/fenicetek.com\/es\/mascota\/cuoricino\/#primaryimage"},"thumbnailUrl":"https:\/\/fenicetek.com\/wp-content\/uploads\/2026\/04\/CUORICINO-BIANCO-FRONT-1.jpg","datePublished":"2025-09-24T22:23:49+00:00","dateModified":"2026-04-14T17:13:54+00:00","breadcrumb":{"@id":"https:\/\/fenicetek.com\/es\/mascota\/cuoricino\/#breadcrumb"},"inLanguage":"es","potentialAction":[{"@type":"ReadAction","target":["https:\/\/fenicetek.com\/es\/mascota\/cuoricino\/"]}]},{"@type":"ImageObject","inLanguage":"es","@id":"https:\/\/fenicetek.com\/es\/mascota\/cuoricino\/#primaryimage","url":"https:\/\/fenicetek.com\/wp-content\/uploads\/2026\/04\/CUORICINO-BIANCO-FRONT-1.jpg","contentUrl":"https:\/\/fenicetek.com\/wp-content\/uploads\/2026\/04\/CUORICINO-BIANCO-FRONT-1.jpg","width":1250,"height":1250},{"@type":"BreadcrumbList","@id":"https:\/\/fenicetek.com\/es\/mascota\/cuoricino\/#breadcrumb","itemListElement":[{"@type":"ListItem","position":1,"name":"Inicio","item":"https:\/\/fenicetek.com\/es\/"},{"@type":"ListItem","position":2,"name":"Tienda","item":"https:\/\/fenicetek.com\/es\/tienda\/"},{"@type":"ListItem","position":3,"name":"CUORICINO PET"}]},{"@type":"WebSite","@id":"https:\/\/fenicetek.com\/es\/#website","url":"https:\/\/fenicetek.com\/es\/","name":"Fenicetek","description":"Ceramic Funeral Urn Design","publisher":{"@id":"https:\/\/fenicetek.com\/es\/#organization"},"potentialAction":[{"@type":"SearchAction","target":{"@type":"EntryPoint","urlTemplate":"https:\/\/fenicetek.com\/es\/?s={search_term_string}"},"query-input":{"@type":"PropertyValueSpecification","valueRequired":true,"valueName":"search_term_string"}}],"inLanguage":"es"},{"@type":"Organization","@id":"https:\/\/fenicetek.com\/es\/#organization","name":"Fenicetek","url":"https:\/\/fenicetek.com\/es\/","logo":{"@type":"ImageObject","inLanguage":"es","@id":"https:\/\/fenicetek.com\/es\/#\/schema\/logo\/image\/","url":"https:\/\/fenicetek.com\/wp-content\/uploads\/2025\/09\/logo-chat-ecommerce1.jpg","contentUrl":"https:\/\/fenicetek.com\/wp-content\/uploads\/2025\/09\/logo-chat-ecommerce1.jpg","width":661,"height":661,"caption":"Fenicetek"},"image":{"@id":"https:\/\/fenicetek.com\/es\/#\/schema\/logo\/image\/"}}]}},"_links":{"self":[{"href":"https:\/\/fenicetek.com\/es\/wp-json\/wp\/v2\/product\/38580","targetHints":{"allow":["GET"]}}],"collection":[{"href":"https:\/\/fenicetek.com\/es\/wp-json\/wp\/v2\/product"}],"about":[{"href":"https:\/\/fenicetek.com\/es\/wp-json\/wp\/v2\/types\/product"}],"replies":[{"embeddable":true,"href":"https:\/\/fenicetek.com\/es\/wp-json\/wp\/v2\/comments?post=38580"}],"wp:featuredmedia":[{"embeddable":true,"href":"https:\/\/fenicetek.com\/es\/wp-json\/wp\/v2\/media\/43909"}],"wp:attachment":[{"href":"https:\/\/fenicetek.com\/es\/wp-json\/wp\/v2\/media?parent=38580"}],"wp:term":[{"taxonomy":"product_cat","embeddable":true,"href":"https:\/\/fenicetek.com\/es\/wp-json\/wp\/v2\/product_cat?post=38580"},{"taxonomy":"product_tag","embeddable":true,"href":"https:\/\/fenicetek.com\/es\/wp-json\/wp\/v2\/product_tag?post=38580"}],"curies":[{"name":"wp","href":"https:\/\/api.w.org\/{rel}","templated":true}]}}