{"id":43544,"date":"2026-04-14T18:20:40","date_gmt":"2026-04-14T16:20:40","guid":{"rendered":"https:\/\/fenicetek.com\/?post_type=product&#038;p=43544"},"modified":"2026-04-14T18:49:53","modified_gmt":"2026-04-14T16:49:53","slug":"fluvia-klein-copy-2","status":"publish","type":"product","link":"https:\/\/fenicetek.com\/de\/keepsakes\/fluvia-klein-copy\/","title":{"rendered":"NATURA KLEIN"},"content":{"rendered":"<p><span class=\"OYPEnA font-feature-liga-off font-feature-clig-off font-feature-calt-off text-decoration-none text-strikethrough-none\">Ausf\u00fchrung: <strong>Traditionelle Keramik<\/strong> \u2013 <strong>Ecogrestek<\/strong><\/span><\/p>\n<p><span class=\"OYPEnA font-feature-liga-off font-feature-clig-off font-feature-calt-off text-decoration-none text-strikethrough-none\">Material: <strong>Keramik<\/strong><\/span><\/p>\n<p><span class=\"OYPEnA font-feature-liga-off font-feature-clig-off font-feature-calt-off text-decoration-none text-strikethrough-none\">Abmessungen (cm): <strong>9 x 9 x 9 h<\/strong><\/span><\/p>\n<p><span class=\"OYPEnA font-feature-liga-off font-feature-clig-off font-feature-calt-off text-decoration-none text-strikethrough-none\">Abmessungen (in): <strong>3,5 x 3,5 x 3,5 in<\/strong><\/span><\/p>\n<p><span class=\"OYPEnA font-feature-liga-off font-feature-clig-off font-feature-calt-off text-decoration-none text-strikethrough-none\">Volumen: <strong>350 ml<\/strong><\/span><strong> <span class=\"OYPEnA font-feature-liga-off font-feature-clig-off font-feature-calt-off text-decoration-none text-strikethrough-none\">|<\/span> <span class=\"OYPEnA font-feature-liga-off font-feature-clig-off font-feature-calt-off text-decoration-none text-strikethrough-none\">21 cu in<\/span><\/strong><\/p>\n","protected":false},"excerpt":{"rendered":"<p>Diese Natura Klein Gedenkurne wurde sorgf\u00e4ltig entworfen, um die Asche eines geliebten Haustieres oder Kindes aufzunehmen und in Momenten tiefen Verlustes eine sanfte und respektvolle Hommage zu bieten.<\/p>\n<p>Ihr Fassungsverm\u00f6gen ist f\u00fcr die Asche von K\u00f6rpergewichten von ca. 0\u201320 kg (0\u201344 lbs) vor der Ein\u00e4scherung geeignet.<\/p>\n<p>Elegant und diskret, wurde sie geschaffen, um eine kostbare Erinnerung mit Anmut und W\u00fcrde zu ehren.<\/p>\n","protected":false},"featured_media":43869,"comment_status":"closed","ping_status":"closed","template":"","meta":[],"product_cat":[264],"product_tag":[],"class_list":{"0":"post-43544","1":"product","2":"type-product","3":"status-publish","4":"has-post-thumbnail","6":"product_cat-haustier","8":"first","9":"onbackorder","10":"taxable","11":"shipping-taxable","12":"product-type-variable"},"yoast_head":"<!-- This site is optimized with the Yoast SEO plugin v27.2 - https:\/\/yoast.com\/product\/yoast-seo-wordpress\/ -->\n<title>NATURA KLEIN - Fenicetek<\/title>\n<meta name=\"robots\" content=\"index, follow, max-snippet:-1, max-image-preview:large, max-video-preview:-1\" \/>\n<link rel=\"canonical\" href=\"https:\/\/fenicetek.com\/de\/keepsakes\/fluvia-klein-copy\/\" \/>\n<meta property=\"og:locale\" content=\"de_DE\" \/>\n<meta property=\"og:type\" content=\"article\" \/>\n<meta property=\"og:title\" content=\"NATURA KLEIN - Fenicetek\" \/>\n<meta property=\"og:description\" content=\"Diese Natura Klein Gedenkurne wurde sorgf\u00e4ltig entworfen, um die Asche eines geliebten Haustieres oder Kindes aufzunehmen und in Momenten tiefen Verlustes eine sanfte und respektvolle Hommage zu bieten. Ihr Fassungsverm\u00f6gen ist f\u00fcr die Asche von K\u00f6rpergewichten von ca. 0\u201320 kg (0\u201344 lbs) vor der Ein\u00e4scherung geeignet. Elegant und diskret, wurde sie geschaffen, um eine kostbare Erinnerung mit Anmut und W\u00fcrde zu ehren.\" \/>\n<meta property=\"og:url\" content=\"https:\/\/fenicetek.com\/de\/keepsakes\/fluvia-klein-copy\/\" \/>\n<meta property=\"og:site_name\" content=\"Fenicetek\" \/>\n<meta property=\"article:modified_time\" content=\"2026-04-14T16:49:53+00:00\" \/>\n<meta property=\"og:image\" content=\"https:\/\/fenicetek.com\/wp-content\/uploads\/2026\/04\/NATURA-h140-ITALIA-NATURA-POST-1.jpg\" \/>\n\t<meta property=\"og:image:width\" content=\"1250\" \/>\n\t<meta property=\"og:image:height\" content=\"1250\" \/>\n\t<meta property=\"og:image:type\" content=\"image\/jpeg\" \/>\n<meta name=\"twitter:card\" content=\"summary_large_image\" \/>\n<script type=\"application\/ld+json\" class=\"yoast-schema-graph\">{\"@context\":\"https:\/\/schema.org\",\"@graph\":[{\"@type\":\"WebPage\",\"@id\":\"https:\/\/fenicetek.com\/de\/keepsakes\/fluvia-klein-copy\/\",\"url\":\"https:\/\/fenicetek.com\/de\/keepsakes\/fluvia-klein-copy\/\",\"name\":\"NATURA KLEIN - Fenicetek\",\"isPartOf\":{\"@id\":\"https:\/\/fenicetek.com\/de\/#website\"},\"primaryImageOfPage\":{\"@id\":\"https:\/\/fenicetek.com\/de\/keepsakes\/fluvia-klein-copy\/#primaryimage\"},\"image\":{\"@id\":\"https:\/\/fenicetek.com\/de\/keepsakes\/fluvia-klein-copy\/#primaryimage\"},\"thumbnailUrl\":\"https:\/\/fenicetek.com\/wp-content\/uploads\/2026\/04\/NATURA-h140-ITALIA-NATURA-POST-1.jpg\",\"datePublished\":\"2026-04-14T16:20:40+00:00\",\"dateModified\":\"2026-04-14T16:49:53+00:00\",\"breadcrumb\":{\"@id\":\"https:\/\/fenicetek.com\/de\/keepsakes\/fluvia-klein-copy\/#breadcrumb\"},\"inLanguage\":\"de\",\"potentialAction\":[{\"@type\":\"ReadAction\",\"target\":[\"https:\/\/fenicetek.com\/de\/keepsakes\/fluvia-klein-copy\/\"]}]},{\"@type\":\"ImageObject\",\"inLanguage\":\"de\",\"@id\":\"https:\/\/fenicetek.com\/de\/keepsakes\/fluvia-klein-copy\/#primaryimage\",\"url\":\"https:\/\/fenicetek.com\/wp-content\/uploads\/2026\/04\/NATURA-h140-ITALIA-NATURA-POST-1.jpg\",\"contentUrl\":\"https:\/\/fenicetek.com\/wp-content\/uploads\/2026\/04\/NATURA-h140-ITALIA-NATURA-POST-1.jpg\",\"width\":1250,\"height\":1250},{\"@type\":\"BreadcrumbList\",\"@id\":\"https:\/\/fenicetek.com\/de\/keepsakes\/fluvia-klein-copy\/#breadcrumb\",\"itemListElement\":[{\"@type\":\"ListItem\",\"position\":1,\"name\":\"Startseite\",\"item\":\"https:\/\/fenicetek.com\/de\/startseite\/\"},{\"@type\":\"ListItem\",\"position\":2,\"name\":\"Shop\",\"item\":\"https:\/\/fenicetek.com\/de\/shop\/\"},{\"@type\":\"ListItem\",\"position\":3,\"name\":\"NATURA KLEIN\"}]},{\"@type\":\"WebSite\",\"@id\":\"https:\/\/fenicetek.com\/de\/#website\",\"url\":\"https:\/\/fenicetek.com\/de\/\",\"name\":\"Fenicetek\",\"description\":\"Ceramic Funeral Urn Design\",\"publisher\":{\"@id\":\"https:\/\/fenicetek.com\/de\/#organization\"},\"potentialAction\":[{\"@type\":\"SearchAction\",\"target\":{\"@type\":\"EntryPoint\",\"urlTemplate\":\"https:\/\/fenicetek.com\/de\/?s={search_term_string}\"},\"query-input\":{\"@type\":\"PropertyValueSpecification\",\"valueRequired\":true,\"valueName\":\"search_term_string\"}}],\"inLanguage\":\"de\"},{\"@type\":\"Organization\",\"@id\":\"https:\/\/fenicetek.com\/de\/#organization\",\"name\":\"Fenicetek\",\"url\":\"https:\/\/fenicetek.com\/de\/\",\"logo\":{\"@type\":\"ImageObject\",\"inLanguage\":\"de\",\"@id\":\"https:\/\/fenicetek.com\/de\/#\/schema\/logo\/image\/\",\"url\":\"https:\/\/fenicetek.com\/wp-content\/uploads\/2025\/09\/logo-chat-ecommerce1.jpg\",\"contentUrl\":\"https:\/\/fenicetek.com\/wp-content\/uploads\/2025\/09\/logo-chat-ecommerce1.jpg\",\"width\":661,\"height\":661,\"caption\":\"Fenicetek\"},\"image\":{\"@id\":\"https:\/\/fenicetek.com\/de\/#\/schema\/logo\/image\/\"}}]}<\/script>\n<!-- \/ Yoast SEO plugin. -->","yoast_head_json":{"title":"NATURA KLEIN - Fenicetek","robots":{"index":"index","follow":"follow","max-snippet":"max-snippet:-1","max-image-preview":"max-image-preview:large","max-video-preview":"max-video-preview:-1"},"canonical":"https:\/\/fenicetek.com\/de\/keepsakes\/fluvia-klein-copy\/","og_locale":"de_DE","og_type":"article","og_title":"NATURA KLEIN - Fenicetek","og_description":"Diese Natura Klein Gedenkurne wurde sorgf\u00e4ltig entworfen, um die Asche eines geliebten Haustieres oder Kindes aufzunehmen und in Momenten tiefen Verlustes eine sanfte und respektvolle Hommage zu bieten. Ihr Fassungsverm\u00f6gen ist f\u00fcr die Asche von K\u00f6rpergewichten von ca. 0\u201320 kg (0\u201344 lbs) vor der Ein\u00e4scherung geeignet. Elegant und diskret, wurde sie geschaffen, um eine kostbare Erinnerung mit Anmut und W\u00fcrde zu ehren.","og_url":"https:\/\/fenicetek.com\/de\/keepsakes\/fluvia-klein-copy\/","og_site_name":"Fenicetek","article_modified_time":"2026-04-14T16:49:53+00:00","og_image":[{"width":1250,"height":1250,"url":"https:\/\/fenicetek.com\/wp-content\/uploads\/2026\/04\/NATURA-h140-ITALIA-NATURA-POST-1.jpg","type":"image\/jpeg"}],"twitter_card":"summary_large_image","schema":{"@context":"https:\/\/schema.org","@graph":[{"@type":"WebPage","@id":"https:\/\/fenicetek.com\/de\/keepsakes\/fluvia-klein-copy\/","url":"https:\/\/fenicetek.com\/de\/keepsakes\/fluvia-klein-copy\/","name":"NATURA KLEIN - Fenicetek","isPartOf":{"@id":"https:\/\/fenicetek.com\/de\/#website"},"primaryImageOfPage":{"@id":"https:\/\/fenicetek.com\/de\/keepsakes\/fluvia-klein-copy\/#primaryimage"},"image":{"@id":"https:\/\/fenicetek.com\/de\/keepsakes\/fluvia-klein-copy\/#primaryimage"},"thumbnailUrl":"https:\/\/fenicetek.com\/wp-content\/uploads\/2026\/04\/NATURA-h140-ITALIA-NATURA-POST-1.jpg","datePublished":"2026-04-14T16:20:40+00:00","dateModified":"2026-04-14T16:49:53+00:00","breadcrumb":{"@id":"https:\/\/fenicetek.com\/de\/keepsakes\/fluvia-klein-copy\/#breadcrumb"},"inLanguage":"de","potentialAction":[{"@type":"ReadAction","target":["https:\/\/fenicetek.com\/de\/keepsakes\/fluvia-klein-copy\/"]}]},{"@type":"ImageObject","inLanguage":"de","@id":"https:\/\/fenicetek.com\/de\/keepsakes\/fluvia-klein-copy\/#primaryimage","url":"https:\/\/fenicetek.com\/wp-content\/uploads\/2026\/04\/NATURA-h140-ITALIA-NATURA-POST-1.jpg","contentUrl":"https:\/\/fenicetek.com\/wp-content\/uploads\/2026\/04\/NATURA-h140-ITALIA-NATURA-POST-1.jpg","width":1250,"height":1250},{"@type":"BreadcrumbList","@id":"https:\/\/fenicetek.com\/de\/keepsakes\/fluvia-klein-copy\/#breadcrumb","itemListElement":[{"@type":"ListItem","position":1,"name":"Startseite","item":"https:\/\/fenicetek.com\/de\/startseite\/"},{"@type":"ListItem","position":2,"name":"Shop","item":"https:\/\/fenicetek.com\/de\/shop\/"},{"@type":"ListItem","position":3,"name":"NATURA KLEIN"}]},{"@type":"WebSite","@id":"https:\/\/fenicetek.com\/de\/#website","url":"https:\/\/fenicetek.com\/de\/","name":"Fenicetek","description":"Ceramic Funeral Urn Design","publisher":{"@id":"https:\/\/fenicetek.com\/de\/#organization"},"potentialAction":[{"@type":"SearchAction","target":{"@type":"EntryPoint","urlTemplate":"https:\/\/fenicetek.com\/de\/?s={search_term_string}"},"query-input":{"@type":"PropertyValueSpecification","valueRequired":true,"valueName":"search_term_string"}}],"inLanguage":"de"},{"@type":"Organization","@id":"https:\/\/fenicetek.com\/de\/#organization","name":"Fenicetek","url":"https:\/\/fenicetek.com\/de\/","logo":{"@type":"ImageObject","inLanguage":"de","@id":"https:\/\/fenicetek.com\/de\/#\/schema\/logo\/image\/","url":"https:\/\/fenicetek.com\/wp-content\/uploads\/2025\/09\/logo-chat-ecommerce1.jpg","contentUrl":"https:\/\/fenicetek.com\/wp-content\/uploads\/2025\/09\/logo-chat-ecommerce1.jpg","width":661,"height":661,"caption":"Fenicetek"},"image":{"@id":"https:\/\/fenicetek.com\/de\/#\/schema\/logo\/image\/"}}]}},"_links":{"self":[{"href":"https:\/\/fenicetek.com\/de\/wp-json\/wp\/v2\/product\/43544","targetHints":{"allow":["GET"]}}],"collection":[{"href":"https:\/\/fenicetek.com\/de\/wp-json\/wp\/v2\/product"}],"about":[{"href":"https:\/\/fenicetek.com\/de\/wp-json\/wp\/v2\/types\/product"}],"replies":[{"embeddable":true,"href":"https:\/\/fenicetek.com\/de\/wp-json\/wp\/v2\/comments?post=43544"}],"wp:featuredmedia":[{"embeddable":true,"href":"https:\/\/fenicetek.com\/de\/wp-json\/wp\/v2\/media\/43869"}],"wp:attachment":[{"href":"https:\/\/fenicetek.com\/de\/wp-json\/wp\/v2\/media?parent=43544"}],"wp:term":[{"taxonomy":"product_cat","embeddable":true,"href":"https:\/\/fenicetek.com\/de\/wp-json\/wp\/v2\/product_cat?post=43544"},{"taxonomy":"product_tag","embeddable":true,"href":"https:\/\/fenicetek.com\/de\/wp-json\/wp\/v2\/product_tag?post=43544"}],"curies":[{"name":"wp","href":"https:\/\/api.w.org\/{rel}","templated":true}]}}