{"id":38589,"date":"2025-09-25T00:23:49","date_gmt":"2025-09-24T22:23:49","guid":{"rendered":"https:\/\/fenicetek.com\/prodotto\/cuoricino\/"},"modified":"2026-04-14T19:12:39","modified_gmt":"2026-04-14T17:12:39","slug":"cuoricino","status":"publish","type":"product","link":"https:\/\/fenicetek.com\/de\/haustier\/cuoricino\/","title":{"rendered":"CUORICINO Haustier"},"content":{"rendered":"","protected":false},"excerpt":{"rendered":"<p>Diese herzf\u00f6rmige Tier-Gedenkurne ist sorgf\u00e4ltig daf\u00fcr gestaltet, die Asche eines geliebten Begleiters aufzubewahren \u2013 als zarte und respektvolle W\u00fcrdigung eines zutiefst geliebten Lebens. Mit einem feinen Pfoten-Detail, wahlweise graviert oder laminiert in 18k Gold, verbindet sie emotionale Bedeutung mit anspruchsvoller Handwerkskunst. Das Fassungsverm\u00f6gen ist geeignet f\u00fcr Kremationsasche entsprechend einem K\u00f6rpergewicht von ca. 0\u201335 kg (0\u201377 lbs) vor der Ein\u00e4scherung. Elegant und dezent gefertigt, bewahrt sie eine kostbare Erinnerung mit Anmut und W\u00fcrde.   <\/p>\n","protected":false},"featured_media":43908,"comment_status":"closed","ping_status":"closed","template":"","meta":[],"product_cat":[264],"product_tag":[],"class_list":{"0":"post-38589","1":"product","2":"type-product","3":"status-publish","4":"has-post-thumbnail","6":"product_cat-haustier","8":"first","9":"onbackorder","10":"taxable","11":"shipping-taxable","12":"product-type-variable"},"yoast_head":"<!-- This site is optimized with the Yoast SEO plugin v27.2 - https:\/\/yoast.com\/product\/yoast-seo-wordpress\/ -->\n<title>CUORICINO Haustier - Fenicetek<\/title>\n<meta name=\"robots\" content=\"index, follow, max-snippet:-1, max-image-preview:large, max-video-preview:-1\" \/>\n<link rel=\"canonical\" href=\"https:\/\/fenicetek.com\/de\/haustier\/cuoricino\/\" \/>\n<meta property=\"og:locale\" content=\"de_DE\" \/>\n<meta property=\"og:type\" content=\"article\" \/>\n<meta property=\"og:title\" content=\"CUORICINO Haustier - Fenicetek\" \/>\n<meta property=\"og:description\" content=\"Diese herzf\u00f6rmige Tier-Gedenkurne ist sorgf\u00e4ltig daf\u00fcr gestaltet, die Asche eines geliebten Begleiters aufzubewahren \u2013 als zarte und respektvolle W\u00fcrdigung eines zutiefst geliebten Lebens. Mit einem feinen Pfoten-Detail, wahlweise graviert oder laminiert in 18k Gold, verbindet sie emotionale Bedeutung mit anspruchsvoller Handwerkskunst. Das Fassungsverm\u00f6gen ist geeignet f\u00fcr Kremationsasche entsprechend einem K\u00f6rpergewicht von ca. 0\u201335 kg (0\u201377 lbs) vor der Ein\u00e4scherung. Elegant und dezent gefertigt, bewahrt sie eine kostbare Erinnerung mit Anmut und W\u00fcrde.\" \/>\n<meta property=\"og:url\" content=\"https:\/\/fenicetek.com\/de\/haustier\/cuoricino\/\" \/>\n<meta property=\"og:site_name\" content=\"Fenicetek\" \/>\n<meta property=\"article:modified_time\" content=\"2026-04-14T17:12:39+00:00\" \/>\n<meta property=\"og:image\" content=\"https:\/\/fenicetek.com\/wp-content\/uploads\/2026\/04\/CUORICINO-BIANCO-FRONT-1.jpg\" \/>\n\t<meta property=\"og:image:width\" content=\"1250\" \/>\n\t<meta property=\"og:image:height\" content=\"1250\" \/>\n\t<meta property=\"og:image:type\" content=\"image\/jpeg\" \/>\n<meta name=\"twitter:card\" content=\"summary_large_image\" \/>\n<script type=\"application\/ld+json\" class=\"yoast-schema-graph\">{\"@context\":\"https:\/\/schema.org\",\"@graph\":[{\"@type\":\"WebPage\",\"@id\":\"https:\/\/fenicetek.com\/de\/haustier\/cuoricino\/\",\"url\":\"https:\/\/fenicetek.com\/de\/haustier\/cuoricino\/\",\"name\":\"CUORICINO Haustier - Fenicetek\",\"isPartOf\":{\"@id\":\"https:\/\/fenicetek.com\/de\/#website\"},\"primaryImageOfPage\":{\"@id\":\"https:\/\/fenicetek.com\/de\/haustier\/cuoricino\/#primaryimage\"},\"image\":{\"@id\":\"https:\/\/fenicetek.com\/de\/haustier\/cuoricino\/#primaryimage\"},\"thumbnailUrl\":\"https:\/\/fenicetek.com\/wp-content\/uploads\/2026\/04\/CUORICINO-BIANCO-FRONT-1.jpg\",\"datePublished\":\"2025-09-24T22:23:49+00:00\",\"dateModified\":\"2026-04-14T17:12:39+00:00\",\"breadcrumb\":{\"@id\":\"https:\/\/fenicetek.com\/de\/haustier\/cuoricino\/#breadcrumb\"},\"inLanguage\":\"de\",\"potentialAction\":[{\"@type\":\"ReadAction\",\"target\":[\"https:\/\/fenicetek.com\/de\/haustier\/cuoricino\/\"]}]},{\"@type\":\"ImageObject\",\"inLanguage\":\"de\",\"@id\":\"https:\/\/fenicetek.com\/de\/haustier\/cuoricino\/#primaryimage\",\"url\":\"https:\/\/fenicetek.com\/wp-content\/uploads\/2026\/04\/CUORICINO-BIANCO-FRONT-1.jpg\",\"contentUrl\":\"https:\/\/fenicetek.com\/wp-content\/uploads\/2026\/04\/CUORICINO-BIANCO-FRONT-1.jpg\",\"width\":1250,\"height\":1250},{\"@type\":\"BreadcrumbList\",\"@id\":\"https:\/\/fenicetek.com\/de\/haustier\/cuoricino\/#breadcrumb\",\"itemListElement\":[{\"@type\":\"ListItem\",\"position\":1,\"name\":\"Startseite\",\"item\":\"https:\/\/fenicetek.com\/de\/startseite\/\"},{\"@type\":\"ListItem\",\"position\":2,\"name\":\"Shop\",\"item\":\"https:\/\/fenicetek.com\/de\/shop\/\"},{\"@type\":\"ListItem\",\"position\":3,\"name\":\"CUORICINO Haustier\"}]},{\"@type\":\"WebSite\",\"@id\":\"https:\/\/fenicetek.com\/de\/#website\",\"url\":\"https:\/\/fenicetek.com\/de\/\",\"name\":\"Fenicetek\",\"description\":\"Ceramic Funeral Urn Design\",\"publisher\":{\"@id\":\"https:\/\/fenicetek.com\/de\/#organization\"},\"potentialAction\":[{\"@type\":\"SearchAction\",\"target\":{\"@type\":\"EntryPoint\",\"urlTemplate\":\"https:\/\/fenicetek.com\/de\/?s={search_term_string}\"},\"query-input\":{\"@type\":\"PropertyValueSpecification\",\"valueRequired\":true,\"valueName\":\"search_term_string\"}}],\"inLanguage\":\"de\"},{\"@type\":\"Organization\",\"@id\":\"https:\/\/fenicetek.com\/de\/#organization\",\"name\":\"Fenicetek\",\"url\":\"https:\/\/fenicetek.com\/de\/\",\"logo\":{\"@type\":\"ImageObject\",\"inLanguage\":\"de\",\"@id\":\"https:\/\/fenicetek.com\/de\/#\/schema\/logo\/image\/\",\"url\":\"https:\/\/fenicetek.com\/wp-content\/uploads\/2025\/09\/logo-chat-ecommerce1.jpg\",\"contentUrl\":\"https:\/\/fenicetek.com\/wp-content\/uploads\/2025\/09\/logo-chat-ecommerce1.jpg\",\"width\":661,\"height\":661,\"caption\":\"Fenicetek\"},\"image\":{\"@id\":\"https:\/\/fenicetek.com\/de\/#\/schema\/logo\/image\/\"}}]}<\/script>\n<!-- \/ Yoast SEO plugin. -->","yoast_head_json":{"title":"CUORICINO Haustier - Fenicetek","robots":{"index":"index","follow":"follow","max-snippet":"max-snippet:-1","max-image-preview":"max-image-preview:large","max-video-preview":"max-video-preview:-1"},"canonical":"https:\/\/fenicetek.com\/de\/haustier\/cuoricino\/","og_locale":"de_DE","og_type":"article","og_title":"CUORICINO Haustier - Fenicetek","og_description":"Diese herzf\u00f6rmige Tier-Gedenkurne ist sorgf\u00e4ltig daf\u00fcr gestaltet, die Asche eines geliebten Begleiters aufzubewahren \u2013 als zarte und respektvolle W\u00fcrdigung eines zutiefst geliebten Lebens. Mit einem feinen Pfoten-Detail, wahlweise graviert oder laminiert in 18k Gold, verbindet sie emotionale Bedeutung mit anspruchsvoller Handwerkskunst. Das Fassungsverm\u00f6gen ist geeignet f\u00fcr Kremationsasche entsprechend einem K\u00f6rpergewicht von ca. 0\u201335 kg (0\u201377 lbs) vor der Ein\u00e4scherung. Elegant und dezent gefertigt, bewahrt sie eine kostbare Erinnerung mit Anmut und W\u00fcrde.","og_url":"https:\/\/fenicetek.com\/de\/haustier\/cuoricino\/","og_site_name":"Fenicetek","article_modified_time":"2026-04-14T17:12:39+00:00","og_image":[{"width":1250,"height":1250,"url":"https:\/\/fenicetek.com\/wp-content\/uploads\/2026\/04\/CUORICINO-BIANCO-FRONT-1.jpg","type":"image\/jpeg"}],"twitter_card":"summary_large_image","schema":{"@context":"https:\/\/schema.org","@graph":[{"@type":"WebPage","@id":"https:\/\/fenicetek.com\/de\/haustier\/cuoricino\/","url":"https:\/\/fenicetek.com\/de\/haustier\/cuoricino\/","name":"CUORICINO Haustier - Fenicetek","isPartOf":{"@id":"https:\/\/fenicetek.com\/de\/#website"},"primaryImageOfPage":{"@id":"https:\/\/fenicetek.com\/de\/haustier\/cuoricino\/#primaryimage"},"image":{"@id":"https:\/\/fenicetek.com\/de\/haustier\/cuoricino\/#primaryimage"},"thumbnailUrl":"https:\/\/fenicetek.com\/wp-content\/uploads\/2026\/04\/CUORICINO-BIANCO-FRONT-1.jpg","datePublished":"2025-09-24T22:23:49+00:00","dateModified":"2026-04-14T17:12:39+00:00","breadcrumb":{"@id":"https:\/\/fenicetek.com\/de\/haustier\/cuoricino\/#breadcrumb"},"inLanguage":"de","potentialAction":[{"@type":"ReadAction","target":["https:\/\/fenicetek.com\/de\/haustier\/cuoricino\/"]}]},{"@type":"ImageObject","inLanguage":"de","@id":"https:\/\/fenicetek.com\/de\/haustier\/cuoricino\/#primaryimage","url":"https:\/\/fenicetek.com\/wp-content\/uploads\/2026\/04\/CUORICINO-BIANCO-FRONT-1.jpg","contentUrl":"https:\/\/fenicetek.com\/wp-content\/uploads\/2026\/04\/CUORICINO-BIANCO-FRONT-1.jpg","width":1250,"height":1250},{"@type":"BreadcrumbList","@id":"https:\/\/fenicetek.com\/de\/haustier\/cuoricino\/#breadcrumb","itemListElement":[{"@type":"ListItem","position":1,"name":"Startseite","item":"https:\/\/fenicetek.com\/de\/startseite\/"},{"@type":"ListItem","position":2,"name":"Shop","item":"https:\/\/fenicetek.com\/de\/shop\/"},{"@type":"ListItem","position":3,"name":"CUORICINO Haustier"}]},{"@type":"WebSite","@id":"https:\/\/fenicetek.com\/de\/#website","url":"https:\/\/fenicetek.com\/de\/","name":"Fenicetek","description":"Ceramic Funeral Urn Design","publisher":{"@id":"https:\/\/fenicetek.com\/de\/#organization"},"potentialAction":[{"@type":"SearchAction","target":{"@type":"EntryPoint","urlTemplate":"https:\/\/fenicetek.com\/de\/?s={search_term_string}"},"query-input":{"@type":"PropertyValueSpecification","valueRequired":true,"valueName":"search_term_string"}}],"inLanguage":"de"},{"@type":"Organization","@id":"https:\/\/fenicetek.com\/de\/#organization","name":"Fenicetek","url":"https:\/\/fenicetek.com\/de\/","logo":{"@type":"ImageObject","inLanguage":"de","@id":"https:\/\/fenicetek.com\/de\/#\/schema\/logo\/image\/","url":"https:\/\/fenicetek.com\/wp-content\/uploads\/2025\/09\/logo-chat-ecommerce1.jpg","contentUrl":"https:\/\/fenicetek.com\/wp-content\/uploads\/2025\/09\/logo-chat-ecommerce1.jpg","width":661,"height":661,"caption":"Fenicetek"},"image":{"@id":"https:\/\/fenicetek.com\/de\/#\/schema\/logo\/image\/"}}]}},"_links":{"self":[{"href":"https:\/\/fenicetek.com\/de\/wp-json\/wp\/v2\/product\/38589","targetHints":{"allow":["GET"]}}],"collection":[{"href":"https:\/\/fenicetek.com\/de\/wp-json\/wp\/v2\/product"}],"about":[{"href":"https:\/\/fenicetek.com\/de\/wp-json\/wp\/v2\/types\/product"}],"replies":[{"embeddable":true,"href":"https:\/\/fenicetek.com\/de\/wp-json\/wp\/v2\/comments?post=38589"}],"wp:featuredmedia":[{"embeddable":true,"href":"https:\/\/fenicetek.com\/de\/wp-json\/wp\/v2\/media\/43908"}],"wp:attachment":[{"href":"https:\/\/fenicetek.com\/de\/wp-json\/wp\/v2\/media?parent=38589"}],"wp:term":[{"taxonomy":"product_cat","embeddable":true,"href":"https:\/\/fenicetek.com\/de\/wp-json\/wp\/v2\/product_cat?post=38589"},{"taxonomy":"product_tag","embeddable":true,"href":"https:\/\/fenicetek.com\/de\/wp-json\/wp\/v2\/product_tag?post=38589"}],"curies":[{"name":"wp","href":"https:\/\/api.w.org\/{rel}","templated":true}]}}